{"id":70,"date":"2020-01-12T19:10:56","date_gmt":"2020-01-12T18:10:56","guid":{"rendered":"http:\/\/sikrk.hr\/?page_id=70"},"modified":"2026-01-22T08:51:35","modified_gmt":"2026-01-22T07:51:35","slug":"pristup-informacijama","status":"publish","type":"page","link":"https:\/\/sikrk.hr\/en\/pristup-informacijama\/","title":{"rendered":"PRISTUP INFORMACIJAMA"},"content":{"rendered":"<div data-elementor-type=\"wp-page\" data-elementor-id=\"70\" class=\"elementor elementor-70\">\n\t\t\t\t\t\t<section class=\"elementor-section elementor-top-section elementor-element elementor-element-7f75f44 elementor-section-boxed elementor-section-height-default elementor-section-height-default\" data-id=\"7f75f44\" data-element_type=\"section\" data-e-type=\"section\">\n\t\t\t\t\t\t<div class=\"elementor-container elementor-column-gap-default\">\n\t\t\t\t\t<div class=\"elementor-column elementor-col-100 elementor-top-column elementor-element elementor-element-a11c5bf\" data-id=\"a11c5bf\" data-element_type=\"column\" data-e-type=\"column\">\n\t\t\t<div class=\"elementor-widget-wrap elementor-element-populated\">\n\t\t\t\t\t\t<div class=\"elementor-element elementor-element-99100db elementor-widget elementor-widget-text-editor\" data-id=\"99100db\" data-element_type=\"widget\" data-e-type=\"widget\" data-widget_type=\"text-editor.default\">\n\t\t\t\t<div class=\"elementor-widget-container\">\n\t\t\t\t\t\t\t\t\t<p><span style=\"color: #000000;\">Zakonom o pravu na pristup informacijama (<u><a style=\"color: #000000;\" href=\"https:\/\/narodne-novine.nn.hr\/clanci\/sluzbeni\/2013_02_25_403.html\">NN RH <\/a><a href=\"https:\/\/narodne-novine.nn.hr\/clanci\/sluzbeni\/2013_02_25_403.html\">25\/13<\/a><\/u>, <a href=\"https:\/\/narodne-novine.nn.hr\/clanci\/sluzbeni\/2015_08_85_1649.html\">85\/15<\/a><u>, <a href=\"https:\/\/narodne-novine.nn.hr\/clanci\/sluzbeni\/2022_06_69_1025.html\">69\/22<\/a><\/u>) ure\u0111uje se pravo na pristup i ponovnu uporabu informacija kroz otvoreno i javno postupanje tijela javne vlasti.<\/span><\/p><p><span style=\"color: #000000;\">Korisnik ima pravo tra\u017eiti i dobiti informaciju, a tijelo<\/span><span style=\"color: #000000;\"> javne vlasti je obvezno omogu\u0107iti pristup informaciji kao i objavljivati informacije neovisno o postavljenim zahtjevima kad ta obveza proizlazi iz zakona i drugih propisa.<\/span><\/p><p><span style=\"color: #000000;\"><strong>Odluke Smart island Krk d.o.o. koje se objavljuju u slu\u017ebenom \u017eupanijskom glasilu se mogu prona\u0107i na internetskim stranicama slu\u017ebenog glasila PG\u017d:\u00a0\u00a0<\/strong><\/span><strong><u><a href=\"http:\/\/www.sn.pgz.hr\/\">www.sn.pgz.hr<\/a><\/u><\/strong><\/p><p><span style=\"color: #000000;\">Pravo na pristup informacijama i ponovnu uporabu informacija ostvaruje se podno\u0161enjem zahtjeva slu\u017ebeniku za informiranje na sljede\u0107e na\u010dine:<\/span><\/p><ul><li><span style=\"color: #000000;\">&gt; Putem telefona slu\u017ebeniku za informiranje<\/span><\/li><li><span style=\"color: #000000;\">&gt; Elektroni\u010dkom po\u0161tom na adresu slu\u017ebenika za informiranje &#8211; na obrascu zahtjeva za pristup informacijama\/ili obrascu za ispravak ili dopunu informacije\/ili obrascu za ponovnu uporabu informacije (ovisno o vrsti informacije)<\/span><\/li><li><span style=\"color: #000000;\">&gt; Po\u0161tom na adresu 51500 Krk, Vr\u0161anska 14 &#8211; na obrascu zahtjeva za pristup informacijama\/ili obrascu za ispravak ili dopunu informacije\/ili obrascu za ponovnu uporabu informacije (ovisno o vrsti informacije)<\/span><\/li><li><span style=\"color: #000000;\">&gt; Osobno na adresu dru\u0161tva &#8211;\u00a0 na obrascu zahtjeva za pristup informacijama\/ili obrascu za ispravak ili dopunu informacije\/ili obrascu za ponovnu uporabu informacije (ovisno o vrsti informacije)<\/span><\/li><\/ul><p><span style=\"color: #000000;\"><strong>Slu\u017ebenik za informiranje u Smart island Krk d.o.o.:<\/strong><\/span><\/p><ul><li><span style=\"color: #000000;\">&gt; Alen Gr\u017eeti\u0107<\/span><\/li><li><span style=\"color: #000000;\">&gt; e-mail: informiranje-sik<a style=\"color: #000000;\" href=\"mailto:mateo.kirincic@sikrk.hr\">@sikrk.hr<\/a><\/span><\/li><li><span style=\"color: #000000;\">&gt; tel: 051\/654-615<\/span><\/li><li>&gt;<a href=\"https:\/\/sikrk.hr\/wp-content\/uploads\/2026\/01\/Odluka-o-imenovanju-sluzbenika-za-informiranje.pdf\"> Odluka o odre\u0111ivanju slu\u017ebenika za informiranje i zamjenika slu\u017ebenika za informiranje<\/a><\/li><\/ul><p><span style=\"color: #000000;\"><strong>Zamjenik slu\u017ebenika za informiranje<\/strong><\/span><\/p><ul><li style=\"list-style-type: none;\"><ul><li><span style=\"color: #000000;\">&gt; Hrvoje \u0110akovi\u0107<\/span><\/li><li><span style=\"color: #000000;\">&gt; tel: 051\/654-606<\/span><\/li><\/ul><\/li><\/ul><p><span style=\"color: #000000;\">Obrasci za ostvarivanje prava na pristup informacijama i ponovnu uporabu informacija:\u00a0<\/span><\/p><ul><li>&gt; <a href=\"http:\/\/sikrk.hr\/wp-content\/uploads\/2022\/02\/Obrazac-2-Zahtjev-za-pristup-informacijama.doc\">Zahtjev za pristup informacijama (obrazac 2)<\/a><\/li><li>&gt; <a href=\"http:\/\/sikrk.hr\/wp-content\/uploads\/2022\/02\/Obrazac-2-Zahtjev-za-pristup-informacijama.doc\">Zahtjev za dopunu ili ispravak informacije (obrazac 3)<\/a><\/li><li>&gt;<a href=\"http:\/\/sikrk.hr\/wp-content\/uploads\/2022\/02\/Obrazac-4-Zahtjev-za-ponovnu-uporabu-informacija-1.doc\"> Zahtjev za ponovnu uporabu informacija (obrazac 4)<\/a><\/li><\/ul><p><span style=\"color: #000000;\">Dru\u0161tva imaju pravo na naknadu stvarnih materijalnih tro\u0161kova koji nastanu pru\u017eanjem informacije korisniku prava na pristup informaciji i ponovnoj uporabi informacije kao i na naknadu tro\u0161kova dostave tra\u017eene informacije koja se napla\u0107uje u skladu s Kriterijima za odre\u0111ivanje visine naknade stvarnih materijalnih tro\u0161kova i tro\u0161kova dostave informacije (NN RH<\/span> <u><a href=\"https:\/\/narodne-novine.nn.hr\/clanci\/sluzbeni\/2014_01_12_231.html\">12\/14<\/a><\/u>, <u><a href=\"https:\/\/narodne-novine.nn.hr\/clanci\/sluzbeni\/2014_02_15_316.html\">15\/14<\/a><\/u>, <u><a href=\"https:\/\/narodne-novine.nn.hr\/clanci\/sluzbeni\/2022_12_141_2149.html\">141\/22<\/a><\/u><span style=\"color: #000000;\">).<\/span><\/p><p><span style=\"color: #000000;\">Visina naknade stvarnih materijalnih tro\u0161kova odre\u0111uje se u sljede\u0107em iznosu:<\/span><\/p><ul><li><span style=\"color: #000000;\">Preslik jedne stranice veli\u010dine A4 \u2013 0,03 eura<\/span><\/li><li><span style=\"color: #000000;\">Preslik jedne stranice veli\u010dine A3 \u2013 0,07 eura<\/span><\/li><li><span style=\"color: #000000;\">Preslik jedne stranice u boji veli\u010dine A4 \u2013 0,13 eura<\/span><\/li><li><span style=\"color: #000000;\">Preslik jedne stranice u boji veli\u010dine A3 \u2013 0,21 eura<\/span><\/li><li><span style=\"color: #000000;\">Elektroni\u010dki zapis na jednom CD \u2013 0,53 eura<\/span><\/li><li><span style=\"color: #000000;\">Elektroni\u010dki zapis na jednom DVD \u2013 0,80 eura<\/span><\/li><li><span style=\"color: #000000;\">Elektroni\u010dki zapis na memorijskoj kartici ovisno o koli\u010dini memorije \u2013 27,87 eura za 64 GB, 19,91 eura za 32 GB, 15,93 eura za 16 GB, 6,64 eura za 8 GB, 3,98 eura za 4 GB<\/span><\/li><li><span style=\"color: #000000;\">Pretvaranje jedne strane dokumenta iz fizi\u010dkog u elektroni\u010dki oblik \u2013 0,11 eura<\/span><\/li><li><span style=\"color: #000000;\">Pretvaranje zapisa s videovrpce, audiokazete ili diskete u elektroni\u010dki zapis \u2013 0,13 eura<\/span><\/li><\/ul><p><span style=\"color: #000000;\">Tro\u0161kovi dostave po\u0161tom obra\u010dunavaju se prema va\u017ee\u0107em cjeniku po\u0161tanskih usluga.<\/span><\/p><p><span style=\"color: #000000;\">Na\u010din i kriteriji za izra\u010dun naknade tro\u0161kova ponovne uporabe informacija ure\u0111uju se Uredbom o tro\u0161kovima ponovne uporabe informacija (NN RH <a href=\"https:\/\/narodne-novine.nn.hr\/clanci\/sluzbeni\/2018_09_87_1706.html\">87\/18<\/a>).<\/span><\/p><p><span style=\"color: #000000;\"><strong>Godi\u0161nja izvje\u0161\u0107a:<\/strong><\/span><\/p><p><a href=\"https:\/\/sikrk.hr\/wp-content\/uploads\/2026\/01\/SIKrk-Godisnje_izvjesce-2025.pdf\">Godi\u0161nje izvje\u0161\u0107e za 2025. godinu (pdf.)<\/a><\/p><p><a href=\"https:\/\/sikrk.hr\/wp-content\/uploads\/2026\/01\/SIKrk-Godisnje_izvjesce-2025.csv\">Godi\u0161nje izvje\u0161\u0107e za 2025. godinu (csv.)<\/a><\/p><p><a href=\"https:\/\/sikrk.hr\/wp-content\/uploads\/2026\/01\/SIKrk-Godisnje_izvjesce-2024.pdf\">Godi\u0161nje izvje\u0161\u0107e za 2024. godinu (pdf.)<\/a><\/p><p><a href=\"https:\/\/sikrk.hr\/wp-content\/uploads\/2026\/01\/SIKrk-Godisnje_izvjesce-2024.csv\">Godi\u0161nje izvje\u0161\u0107e za 2024. godinu (csv.)<\/a><\/p><p><a href=\"https:\/\/sikrk.hr\/wp-content\/uploads\/2024\/04\/Godisnje_izvjesce-2023.pdf\">Godi\u0161nje izvje\u0161\u0107e za 2023. godinu (pdf.)<\/a><\/p><p><a href=\"https:\/\/sikrk.hr\/wp-content\/uploads\/2024\/04\/Godisnje_izvjesce-2023.csv\">Godi\u0161nje izvje\u0161\u0107e za 2023. godinu (csv.)<\/a><\/p><p><a href=\"https:\/\/sikrk.hr\/wp-content\/uploads\/2023\/07\/Godisnje_izvjesce.pdf\">Godi\u0161nje izvje\u0161\u0107e za 2022. godinu (pdf.)<\/a><\/p><p><a href=\"https:\/\/sikrk.hr\/wp-content\/uploads\/2023\/07\/Godisnje_izvjesce.csv\">Godi\u0161nje izvje\u0161\u0107e za 2022. godinu (csv.)<\/a><\/p><p><span style=\"color: #000000;\"><strong>Upitnik za samoprocjenu:<\/strong><\/span><\/p><p><a href=\"https:\/\/sikrk.hr\/wp-content\/uploads\/2023\/07\/Upitnik-za-samoprocjenu-tjv-SIK.xls\">Upitnik za samoprocjenu -tjv-SIK<\/a><\/p>\t\t\t\t\t\t\t\t<\/div>\n\t\t\t\t<\/div>\n\t\t\t\t\t<\/div>\n\t\t<\/div>\n\t\t\t\t\t<\/div>\n\t\t<\/section>\n\t\t\t\t<\/div>","protected":false},"excerpt":{"rendered":"<p>Zakonom o pravu na pristup informacijama (NN RH 25\/13, 85\/15, 69\/22) ure\u0111uje se pravo na pristup i ponovnu uporabu informacija kroz otvoreno i javno postupanje tijela javne vlasti. Korisnik ima pravo tra\u017eiti i dobiti informaciju, a tijelo javne vlasti je obvezno omogu\u0107iti pristup informaciji kao i objavljivati informacije neovisno o postavljenim zahtjevima kad ta obveza&hellip; <br \/> <a class=\"read-more\" href=\"https:\/\/sikrk.hr\/en\/pristup-informacijama\/\">Read more<\/a><\/p>","protected":false},"author":1,"featured_media":0,"parent":0,"menu_order":0,"comment_status":"closed","ping_status":"closed","template":"","meta":{"footnotes":""},"class_list":["post-70","page","type-page","status-publish","hentry"],"yoast_head":"<!-- This site is optimized with the Yoast SEO plugin v27.3 - https:\/\/yoast.com\/product\/yoast-seo-wordpress\/ -->\n<title>PRISTUP INFORMACIJAMA - SMART ISLAND KRK<\/title>\n<meta name=\"robots\" content=\"index, follow, max-snippet:-1, max-image-preview:large, max-video-preview:-1\" \/>\n<link rel=\"canonical\" href=\"https:\/\/sikrk.hr\/en\/pristup-informacijama\/\" \/>\n<meta property=\"og:locale\" content=\"en_GB\" \/>\n<meta property=\"og:type\" content=\"article\" \/>\n<meta property=\"og:title\" content=\"PRISTUP INFORMACIJAMA - SMART ISLAND KRK\" \/>\n<meta property=\"og:description\" content=\"Zakonom o pravu na pristup informacijama (NN RH 25\/13, 85\/15, 69\/22) ure\u0111uje se pravo na pristup i ponovnu uporabu informacija kroz otvoreno i javno postupanje tijela javne vlasti. Korisnik ima pravo tra\u017eiti i dobiti informaciju, a tijelo javne vlasti je obvezno omogu\u0107iti pristup informaciji kao i objavljivati informacije neovisno o postavljenim zahtjevima kad ta obveza&hellip; Read more\" \/>\n<meta property=\"og:url\" content=\"https:\/\/sikrk.hr\/en\/pristup-informacijama\/\" \/>\n<meta property=\"og:site_name\" content=\"SMART ISLAND KRK\" \/>\n<meta property=\"article:modified_time\" content=\"2026-01-22T07:51:35+00:00\" \/>\n<meta name=\"twitter:card\" content=\"summary_large_image\" \/>\n<meta name=\"twitter:label1\" content=\"Estimated reading time\" \/>\n\t<meta name=\"twitter:data1\" content=\"3 minutes\" \/>\n<script type=\"application\/ld+json\" class=\"yoast-schema-graph\">{\"@context\":\"https:\\\/\\\/schema.org\",\"@graph\":[{\"@type\":\"WebPage\",\"@id\":\"https:\\\/\\\/sikrk.hr\\\/pristup-informacijama\\\/\",\"url\":\"https:\\\/\\\/sikrk.hr\\\/pristup-informacijama\\\/\",\"name\":\"PRISTUP INFORMACIJAMA - SMART ISLAND KRK\",\"isPartOf\":{\"@id\":\"https:\\\/\\\/sikrk.hr\\\/#website\"},\"datePublished\":\"2020-01-12T18:10:56+00:00\",\"dateModified\":\"2026-01-22T07:51:35+00:00\",\"breadcrumb\":{\"@id\":\"https:\\\/\\\/sikrk.hr\\\/pristup-informacijama\\\/#breadcrumb\"},\"inLanguage\":\"en-GB\",\"potentialAction\":[{\"@type\":\"ReadAction\",\"target\":[\"https:\\\/\\\/sikrk.hr\\\/pristup-informacijama\\\/\"]}]},{\"@type\":\"BreadcrumbList\",\"@id\":\"https:\\\/\\\/sikrk.hr\\\/pristup-informacijama\\\/#breadcrumb\",\"itemListElement\":[{\"@type\":\"ListItem\",\"position\":1,\"name\":\"Home\",\"item\":\"https:\\\/\\\/sikrk.hr\\\/\"},{\"@type\":\"ListItem\",\"position\":2,\"name\":\"PRISTUP INFORMACIJAMA\"}]},{\"@type\":\"WebSite\",\"@id\":\"https:\\\/\\\/sikrk.hr\\\/#website\",\"url\":\"https:\\\/\\\/sikrk.hr\\\/\",\"name\":\"SMART ISLAND KRK\",\"description\":\"\",\"publisher\":{\"@id\":\"https:\\\/\\\/sikrk.hr\\\/#organization\"},\"potentialAction\":[{\"@type\":\"SearchAction\",\"target\":{\"@type\":\"EntryPoint\",\"urlTemplate\":\"https:\\\/\\\/sikrk.hr\\\/?s={search_term_string}\"},\"query-input\":{\"@type\":\"PropertyValueSpecification\",\"valueRequired\":true,\"valueName\":\"search_term_string\"}}],\"inLanguage\":\"en-GB\"},{\"@type\":\"Organization\",\"@id\":\"https:\\\/\\\/sikrk.hr\\\/#organization\",\"name\":\"Smart island Krk\",\"url\":\"https:\\\/\\\/sikrk.hr\\\/\",\"logo\":{\"@type\":\"ImageObject\",\"inLanguage\":\"en-GB\",\"@id\":\"https:\\\/\\\/sikrk.hr\\\/#\\\/schema\\\/logo\\\/image\\\/\",\"url\":\"http:\\\/\\\/sikrk.hr\\\/wp-content\\\/uploads\\\/2019\\\/12\\\/logo_sik.png\",\"contentUrl\":\"http:\\\/\\\/sikrk.hr\\\/wp-content\\\/uploads\\\/2019\\\/12\\\/logo_sik.png\",\"width\":598,\"height\":260,\"caption\":\"Smart island Krk\"},\"image\":{\"@id\":\"https:\\\/\\\/sikrk.hr\\\/#\\\/schema\\\/logo\\\/image\\\/\"}}]}<\/script>\n<!-- \/ Yoast SEO plugin. -->","yoast_head_json":{"title":"PRISTUP INFORMACIJAMA - SMART ISLAND KRK","robots":{"index":"index","follow":"follow","max-snippet":"max-snippet:-1","max-image-preview":"max-image-preview:large","max-video-preview":"max-video-preview:-1"},"canonical":"https:\/\/sikrk.hr\/en\/pristup-informacijama\/","og_locale":"en_GB","og_type":"article","og_title":"PRISTUP INFORMACIJAMA - SMART ISLAND KRK","og_description":"Zakonom o pravu na pristup informacijama (NN RH 25\/13, 85\/15, 69\/22) ure\u0111uje se pravo na pristup i ponovnu uporabu informacija kroz otvoreno i javno postupanje tijela javne vlasti. Korisnik ima pravo tra\u017eiti i dobiti informaciju, a tijelo javne vlasti je obvezno omogu\u0107iti pristup informaciji kao i objavljivati informacije neovisno o postavljenim zahtjevima kad ta obveza&hellip; Read more","og_url":"https:\/\/sikrk.hr\/en\/pristup-informacijama\/","og_site_name":"SMART ISLAND KRK","article_modified_time":"2026-01-22T07:51:35+00:00","twitter_card":"summary_large_image","twitter_misc":{"Estimated reading time":"3 minutes"},"schema":{"@context":"https:\/\/schema.org","@graph":[{"@type":"WebPage","@id":"https:\/\/sikrk.hr\/pristup-informacijama\/","url":"https:\/\/sikrk.hr\/pristup-informacijama\/","name":"PRISTUP INFORMACIJAMA - SMART ISLAND KRK","isPartOf":{"@id":"https:\/\/sikrk.hr\/#website"},"datePublished":"2020-01-12T18:10:56+00:00","dateModified":"2026-01-22T07:51:35+00:00","breadcrumb":{"@id":"https:\/\/sikrk.hr\/pristup-informacijama\/#breadcrumb"},"inLanguage":"en-GB","potentialAction":[{"@type":"ReadAction","target":["https:\/\/sikrk.hr\/pristup-informacijama\/"]}]},{"@type":"BreadcrumbList","@id":"https:\/\/sikrk.hr\/pristup-informacijama\/#breadcrumb","itemListElement":[{"@type":"ListItem","position":1,"name":"Home","item":"https:\/\/sikrk.hr\/"},{"@type":"ListItem","position":2,"name":"PRISTUP INFORMACIJAMA"}]},{"@type":"WebSite","@id":"https:\/\/sikrk.hr\/#website","url":"https:\/\/sikrk.hr\/","name":"SMART ISLAND KRK","description":"","publisher":{"@id":"https:\/\/sikrk.hr\/#organization"},"potentialAction":[{"@type":"SearchAction","target":{"@type":"EntryPoint","urlTemplate":"https:\/\/sikrk.hr\/?s={search_term_string}"},"query-input":{"@type":"PropertyValueSpecification","valueRequired":true,"valueName":"search_term_string"}}],"inLanguage":"en-GB"},{"@type":"Organization","@id":"https:\/\/sikrk.hr\/#organization","name":"Smart island Krk","url":"https:\/\/sikrk.hr\/","logo":{"@type":"ImageObject","inLanguage":"en-GB","@id":"https:\/\/sikrk.hr\/#\/schema\/logo\/image\/","url":"http:\/\/sikrk.hr\/wp-content\/uploads\/2019\/12\/logo_sik.png","contentUrl":"http:\/\/sikrk.hr\/wp-content\/uploads\/2019\/12\/logo_sik.png","width":598,"height":260,"caption":"Smart island Krk"},"image":{"@id":"https:\/\/sikrk.hr\/#\/schema\/logo\/image\/"}}]}},"_links":{"self":[{"href":"https:\/\/sikrk.hr\/en\/wp-json\/wp\/v2\/pages\/70","targetHints":{"allow":["GET"]}}],"collection":[{"href":"https:\/\/sikrk.hr\/en\/wp-json\/wp\/v2\/pages"}],"about":[{"href":"https:\/\/sikrk.hr\/en\/wp-json\/wp\/v2\/types\/page"}],"author":[{"embeddable":true,"href":"https:\/\/sikrk.hr\/en\/wp-json\/wp\/v2\/users\/1"}],"replies":[{"embeddable":true,"href":"https:\/\/sikrk.hr\/en\/wp-json\/wp\/v2\/comments?post=70"}],"version-history":[{"count":59,"href":"https:\/\/sikrk.hr\/en\/wp-json\/wp\/v2\/pages\/70\/revisions"}],"predecessor-version":[{"id":1460,"href":"https:\/\/sikrk.hr\/en\/wp-json\/wp\/v2\/pages\/70\/revisions\/1460"}],"wp:attachment":[{"href":"https:\/\/sikrk.hr\/en\/wp-json\/wp\/v2\/media?parent=70"}],"curies":[{"name":"wp","href":"https:\/\/api.w.org\/{rel}","templated":true}]}}