{"id":697,"date":"2022-11-10T14:16:20","date_gmt":"2022-11-10T13:16:20","guid":{"rendered":"https:\/\/sikrk.hr\/?page_id=697"},"modified":"2026-01-16T08:30:00","modified_gmt":"2026-01-16T07:30:00","slug":"ostalo","status":"publish","type":"page","link":"https:\/\/sikrk.hr\/en\/ostalo\/","title":{"rendered":"OSTALO"},"content":{"rendered":"<div data-elementor-type=\"wp-page\" data-elementor-id=\"697\" class=\"elementor elementor-697\">\n\t\t\t\t\t\t<section class=\"elementor-section elementor-inner-section elementor-element elementor-element-439ca958 elementor-section-boxed elementor-section-height-default elementor-section-height-default\" data-id=\"439ca958\" data-element_type=\"section\" data-e-type=\"section\">\n\t\t\t\t\t\t<div class=\"elementor-container elementor-column-gap-default\">\n\t\t\t\t\t<div class=\"elementor-column elementor-col-50 elementor-inner-column elementor-element elementor-element-2bfa1782\" data-id=\"2bfa1782\" data-element_type=\"column\" data-e-type=\"column\">\n\t\t\t<div class=\"elementor-widget-wrap elementor-element-populated\">\n\t\t\t\t\t\t<div class=\"elementor-element elementor-element-36e5bac5 elementor-widget elementor-widget-text-editor\" data-id=\"36e5bac5\" data-element_type=\"widget\" data-e-type=\"widget\" data-widget_type=\"text-editor.default\">\n\t\t\t\t<div class=\"elementor-widget-container\">\n\t\t\t\t\t\t\t\t\t<p><a href=\"https:\/\/sikrk.hr\/wp-content\/uploads\/2023\/02\/Pravilnik-o-provedbi-postupaka-jednostavne-nabave-Smart_island-Krk-d.o.o.-compressed-1.pdf\">Pravilnik o provedbi postupka jednostavne\u00a0nabave<\/a><\/p><p><a href=\"https:\/\/eojn.nn.hr\/Oglasnik\/\">Registar ugovora i Plan nabave<\/a><\/p><p><a href=\"https:\/\/sikrk.hr\/wp-content\/uploads\/2026\/01\/sukob-interesa-zjn-2026-SIK.docx\">Sukob interesa<\/a><\/p><p><span style=\"color: #000000;\">Zakon o elektroni\u010dkim komunikacijama (<\/span><a href=\"https:\/\/narodne-novine.nn.hr\/clanci\/sluzbeni\/2022_07_76_1116.html\">NN 76\/22<\/a><span style=\"color: #000000;\">)<\/span><\/p><p><span style=\"color: #000000;\">Pravilnik o na\u010dinu i uvjetima obavljanja djelatnosti elektroni\u010dkih komunikacijskih mre\u017ea i usluga (<\/span><a href=\"https:\/\/narodne-novine.nn.hr\/clanci\/sluzbeni\/2011_12_154_3242.html\">NN 154\/11<\/a><span style=\"color: #000000;\">,<\/span> <a href=\"https:\/\/narodne-novine.nn.hr\/clanci\/sluzbeni\/2013_12_149_3166.html\">NN 149\/13<\/a><span style=\"color: #000000;\">,<\/span> <a href=\"https:\/\/narodne-novine.nn.hr\/clanci\/sluzbeni\/2014_07_82_1588.html\">NN 82\/14<\/a><span style=\"color: #000000;\">,<\/span> <a href=\"https:\/\/narodne-novine.nn.hr\/clanci\/sluzbeni\/2015_03_24_515.html\">NN 24\/15<\/a><span style=\"color: #000000;\">,<\/span> <a href=\"https:\/\/narodne-novine.nn.hr\/clanci\/sluzbeni\/2016_05_42_1101.html\">NN 42\/16<\/a><span style=\"color: #000000;\">,<\/span> <a href=\"https:\/\/narodne-novine.nn.hr\/clanci\/sluzbeni\/2019_07_68_1386.html\">NN 68\/19<\/a><span style=\"color: #000000;\">,<\/span> <a href=\"https:\/\/narodne-novine.nn.hr\/clanci\/sluzbeni\/2022_07_76_1116.html\">NN 76\/22<\/a><span style=\"color: #000000;\">)<\/span><\/p><p><a href=\"https:\/\/sikrk.hr\/wp-content\/uploads\/2023\/01\/SIK-2022-shema.pdf\">SIK\u00a0 shema &#8211; 2022<\/a><\/p><p><a href=\"https:\/\/sikrk.hr\/wp-content\/uploads\/2023\/02\/Poslovnik-o-radu-skupstine-drustva.pdf\">Pravilnik o radu skup\u0161tine dru\u0161tva<\/a><\/p><p><a href=\"https:\/\/sikrk.hr\/wp-content\/uploads\/2023\/02\/Izvadak-iz-knjige-poslovnih-udjela-31.12.2022..pdf\">Izvadak iz knjige poslovnih udjela &#8211; 31.12.2022.<\/a><\/p><p><a href=\"https:\/\/sikrk.hr\/wp-content\/uploads\/2023\/02\/Drustveni-ugovor-potpuni-tekst-ozujak-2022-c.pdf\">Dru\u0161tveni ugovor<\/a><\/p>\t\t\t\t\t\t\t\t<\/div>\n\t\t\t\t<\/div>\n\t\t\t\t\t<\/div>\n\t\t<\/div>\n\t\t\t\t<div class=\"elementor-column elementor-col-50 elementor-inner-column elementor-element elementor-element-628d50b7\" data-id=\"628d50b7\" data-element_type=\"column\" data-e-type=\"column\">\n\t\t\t<div class=\"elementor-widget-wrap\">\n\t\t\t\t\t\t\t<\/div>\n\t\t<\/div>\n\t\t\t\t\t<\/div>\n\t\t<\/section>\n\t\t\t\t<\/div>","protected":false},"excerpt":{"rendered":"<p>Pravilnik o provedbi postupka jednostavne\u00a0nabave Registar ugovora i Plan nabave Sukob interesa Zakon o elektroni\u010dkim komunikacijama (NN 76\/22) Pravilnik o na\u010dinu i uvjetima obavljanja djelatnosti elektroni\u010dkih komunikacijskih mre\u017ea i usluga (NN 154\/11, NN 149\/13, NN 82\/14, NN 24\/15, NN 42\/16, NN 68\/19, NN 76\/22) SIK\u00a0 shema &#8211; 2022 Pravilnik o radu skup\u0161tine dru\u0161tva Izvadak iz&hellip; <br \/> <a class=\"read-more\" href=\"https:\/\/sikrk.hr\/en\/ostalo\/\">Read more<\/a><\/p>","protected":false},"author":1,"featured_media":0,"parent":0,"menu_order":0,"comment_status":"closed","ping_status":"closed","template":"","meta":{"footnotes":""},"class_list":["post-697","page","type-page","status-publish","hentry"],"yoast_head":"<!-- This site is optimized with the Yoast SEO plugin v27.3 - https:\/\/yoast.com\/product\/yoast-seo-wordpress\/ -->\n<title>OSTALO - SMART ISLAND KRK<\/title>\n<meta name=\"robots\" content=\"index, follow, max-snippet:-1, max-image-preview:large, max-video-preview:-1\" \/>\n<link rel=\"canonical\" href=\"https:\/\/sikrk.hr\/en\/ostalo\/\" \/>\n<meta property=\"og:locale\" content=\"en_GB\" \/>\n<meta property=\"og:type\" content=\"article\" \/>\n<meta property=\"og:title\" content=\"OSTALO - SMART ISLAND KRK\" \/>\n<meta property=\"og:description\" content=\"Pravilnik o provedbi postupka jednostavne\u00a0nabave Registar ugovora i Plan nabave Sukob interesa Zakon o elektroni\u010dkim komunikacijama (NN 76\/22) Pravilnik o na\u010dinu i uvjetima obavljanja djelatnosti elektroni\u010dkih komunikacijskih mre\u017ea i usluga (NN 154\/11, NN 149\/13, NN 82\/14, NN 24\/15, NN 42\/16, NN 68\/19, NN 76\/22) SIK\u00a0 shema &#8211; 2022 Pravilnik o radu skup\u0161tine dru\u0161tva Izvadak iz&hellip; Read more\" \/>\n<meta property=\"og:url\" content=\"https:\/\/sikrk.hr\/en\/ostalo\/\" \/>\n<meta property=\"og:site_name\" content=\"SMART ISLAND KRK\" \/>\n<meta property=\"article:modified_time\" content=\"2026-01-16T07:30:00+00:00\" \/>\n<meta name=\"twitter:card\" content=\"summary_large_image\" \/>\n<meta name=\"twitter:label1\" content=\"Estimated reading time\" \/>\n\t<meta name=\"twitter:data1\" content=\"1 minute\" \/>\n<script type=\"application\/ld+json\" class=\"yoast-schema-graph\">{\"@context\":\"https:\\\/\\\/schema.org\",\"@graph\":[{\"@type\":\"WebPage\",\"@id\":\"https:\\\/\\\/sikrk.hr\\\/ostalo\\\/\",\"url\":\"https:\\\/\\\/sikrk.hr\\\/ostalo\\\/\",\"name\":\"OSTALO - SMART ISLAND KRK\",\"isPartOf\":{\"@id\":\"https:\\\/\\\/sikrk.hr\\\/#website\"},\"datePublished\":\"2022-11-10T13:16:20+00:00\",\"dateModified\":\"2026-01-16T07:30:00+00:00\",\"breadcrumb\":{\"@id\":\"https:\\\/\\\/sikrk.hr\\\/ostalo\\\/#breadcrumb\"},\"inLanguage\":\"en-GB\",\"potentialAction\":[{\"@type\":\"ReadAction\",\"target\":[\"https:\\\/\\\/sikrk.hr\\\/ostalo\\\/\"]}]},{\"@type\":\"BreadcrumbList\",\"@id\":\"https:\\\/\\\/sikrk.hr\\\/ostalo\\\/#breadcrumb\",\"itemListElement\":[{\"@type\":\"ListItem\",\"position\":1,\"name\":\"Home\",\"item\":\"https:\\\/\\\/sikrk.hr\\\/\"},{\"@type\":\"ListItem\",\"position\":2,\"name\":\"OSTALO\"}]},{\"@type\":\"WebSite\",\"@id\":\"https:\\\/\\\/sikrk.hr\\\/#website\",\"url\":\"https:\\\/\\\/sikrk.hr\\\/\",\"name\":\"SMART ISLAND KRK\",\"description\":\"\",\"publisher\":{\"@id\":\"https:\\\/\\\/sikrk.hr\\\/#organization\"},\"potentialAction\":[{\"@type\":\"SearchAction\",\"target\":{\"@type\":\"EntryPoint\",\"urlTemplate\":\"https:\\\/\\\/sikrk.hr\\\/?s={search_term_string}\"},\"query-input\":{\"@type\":\"PropertyValueSpecification\",\"valueRequired\":true,\"valueName\":\"search_term_string\"}}],\"inLanguage\":\"en-GB\"},{\"@type\":\"Organization\",\"@id\":\"https:\\\/\\\/sikrk.hr\\\/#organization\",\"name\":\"Smart island Krk\",\"url\":\"https:\\\/\\\/sikrk.hr\\\/\",\"logo\":{\"@type\":\"ImageObject\",\"inLanguage\":\"en-GB\",\"@id\":\"https:\\\/\\\/sikrk.hr\\\/#\\\/schema\\\/logo\\\/image\\\/\",\"url\":\"http:\\\/\\\/sikrk.hr\\\/wp-content\\\/uploads\\\/2019\\\/12\\\/logo_sik.png\",\"contentUrl\":\"http:\\\/\\\/sikrk.hr\\\/wp-content\\\/uploads\\\/2019\\\/12\\\/logo_sik.png\",\"width\":598,\"height\":260,\"caption\":\"Smart island Krk\"},\"image\":{\"@id\":\"https:\\\/\\\/sikrk.hr\\\/#\\\/schema\\\/logo\\\/image\\\/\"}}]}<\/script>\n<!-- \/ Yoast SEO plugin. -->","yoast_head_json":{"title":"OSTALO - SMART ISLAND KRK","robots":{"index":"index","follow":"follow","max-snippet":"max-snippet:-1","max-image-preview":"max-image-preview:large","max-video-preview":"max-video-preview:-1"},"canonical":"https:\/\/sikrk.hr\/en\/ostalo\/","og_locale":"en_GB","og_type":"article","og_title":"OSTALO - SMART ISLAND KRK","og_description":"Pravilnik o provedbi postupka jednostavne\u00a0nabave Registar ugovora i Plan nabave Sukob interesa Zakon o elektroni\u010dkim komunikacijama (NN 76\/22) Pravilnik o na\u010dinu i uvjetima obavljanja djelatnosti elektroni\u010dkih komunikacijskih mre\u017ea i usluga (NN 154\/11, NN 149\/13, NN 82\/14, NN 24\/15, NN 42\/16, NN 68\/19, NN 76\/22) SIK\u00a0 shema &#8211; 2022 Pravilnik o radu skup\u0161tine dru\u0161tva Izvadak iz&hellip; Read more","og_url":"https:\/\/sikrk.hr\/en\/ostalo\/","og_site_name":"SMART ISLAND KRK","article_modified_time":"2026-01-16T07:30:00+00:00","twitter_card":"summary_large_image","twitter_misc":{"Estimated reading time":"1 minute"},"schema":{"@context":"https:\/\/schema.org","@graph":[{"@type":"WebPage","@id":"https:\/\/sikrk.hr\/ostalo\/","url":"https:\/\/sikrk.hr\/ostalo\/","name":"OSTALO - SMART ISLAND KRK","isPartOf":{"@id":"https:\/\/sikrk.hr\/#website"},"datePublished":"2022-11-10T13:16:20+00:00","dateModified":"2026-01-16T07:30:00+00:00","breadcrumb":{"@id":"https:\/\/sikrk.hr\/ostalo\/#breadcrumb"},"inLanguage":"en-GB","potentialAction":[{"@type":"ReadAction","target":["https:\/\/sikrk.hr\/ostalo\/"]}]},{"@type":"BreadcrumbList","@id":"https:\/\/sikrk.hr\/ostalo\/#breadcrumb","itemListElement":[{"@type":"ListItem","position":1,"name":"Home","item":"https:\/\/sikrk.hr\/"},{"@type":"ListItem","position":2,"name":"OSTALO"}]},{"@type":"WebSite","@id":"https:\/\/sikrk.hr\/#website","url":"https:\/\/sikrk.hr\/","name":"SMART ISLAND KRK","description":"","publisher":{"@id":"https:\/\/sikrk.hr\/#organization"},"potentialAction":[{"@type":"SearchAction","target":{"@type":"EntryPoint","urlTemplate":"https:\/\/sikrk.hr\/?s={search_term_string}"},"query-input":{"@type":"PropertyValueSpecification","valueRequired":true,"valueName":"search_term_string"}}],"inLanguage":"en-GB"},{"@type":"Organization","@id":"https:\/\/sikrk.hr\/#organization","name":"Smart island Krk","url":"https:\/\/sikrk.hr\/","logo":{"@type":"ImageObject","inLanguage":"en-GB","@id":"https:\/\/sikrk.hr\/#\/schema\/logo\/image\/","url":"http:\/\/sikrk.hr\/wp-content\/uploads\/2019\/12\/logo_sik.png","contentUrl":"http:\/\/sikrk.hr\/wp-content\/uploads\/2019\/12\/logo_sik.png","width":598,"height":260,"caption":"Smart island Krk"},"image":{"@id":"https:\/\/sikrk.hr\/#\/schema\/logo\/image\/"}}]}},"_links":{"self":[{"href":"https:\/\/sikrk.hr\/en\/wp-json\/wp\/v2\/pages\/697","targetHints":{"allow":["GET"]}}],"collection":[{"href":"https:\/\/sikrk.hr\/en\/wp-json\/wp\/v2\/pages"}],"about":[{"href":"https:\/\/sikrk.hr\/en\/wp-json\/wp\/v2\/types\/page"}],"author":[{"embeddable":true,"href":"https:\/\/sikrk.hr\/en\/wp-json\/wp\/v2\/users\/1"}],"replies":[{"embeddable":true,"href":"https:\/\/sikrk.hr\/en\/wp-json\/wp\/v2\/comments?post=697"}],"version-history":[{"count":62,"href":"https:\/\/sikrk.hr\/en\/wp-json\/wp\/v2\/pages\/697\/revisions"}],"predecessor-version":[{"id":1439,"href":"https:\/\/sikrk.hr\/en\/wp-json\/wp\/v2\/pages\/697\/revisions\/1439"}],"wp:attachment":[{"href":"https:\/\/sikrk.hr\/en\/wp-json\/wp\/v2\/media?parent=697"}],"curies":[{"name":"wp","href":"https:\/\/api.w.org\/{rel}","templated":true}]}}