{"id":568,"date":"2022-03-07T13:44:18","date_gmt":"2022-03-07T12:44:18","guid":{"rendered":"http:\/\/sikrk.hr\/?page_id=568"},"modified":"2025-10-28T10:23:29","modified_gmt":"2025-10-28T09:23:29","slug":"financijski-izvjestaji","status":"publish","type":"page","link":"https:\/\/sikrk.hr\/en\/financijski-izvjestaji\/","title":{"rendered":"FINANCIJSKI IZVJE\u0160TAJI"},"content":{"rendered":"<div data-elementor-type=\"wp-page\" data-elementor-id=\"568\" class=\"elementor elementor-568\">\n\t\t\t\t\t\t<section class=\"elementor-section elementor-top-section elementor-element elementor-element-fad7ca3 elementor-section-boxed elementor-section-height-default elementor-section-height-default\" data-id=\"fad7ca3\" data-element_type=\"section\" data-e-type=\"section\">\n\t\t\t\t\t\t<div class=\"elementor-container elementor-column-gap-default\">\n\t\t\t\t\t<div class=\"elementor-column elementor-col-100 elementor-top-column elementor-element elementor-element-d6d41a1\" data-id=\"d6d41a1\" data-element_type=\"column\" data-e-type=\"column\">\n\t\t\t<div class=\"elementor-widget-wrap elementor-element-populated\">\n\t\t\t\t\t\t<section class=\"elementor-section elementor-inner-section elementor-element elementor-element-062f9d9 elementor-section-boxed elementor-section-height-default elementor-section-height-default\" data-id=\"062f9d9\" data-element_type=\"section\" data-e-type=\"section\">\n\t\t\t\t\t\t<div class=\"elementor-container elementor-column-gap-default\">\n\t\t\t\t\t<div class=\"elementor-column elementor-col-50 elementor-inner-column elementor-element elementor-element-61c01dc\" data-id=\"61c01dc\" data-element_type=\"column\" data-e-type=\"column\">\n\t\t\t<div class=\"elementor-widget-wrap elementor-element-populated\">\n\t\t\t\t\t\t<div class=\"elementor-element elementor-element-5583bff elementor-widget elementor-widget-text-editor\" data-id=\"5583bff\" data-element_type=\"widget\" data-e-type=\"widget\" data-widget_type=\"text-editor.default\">\n\t\t\t\t<div class=\"elementor-widget-container\">\n\t\t\t\t\t\t\t\t\t<p><a href=\"https:\/\/sikrk.hr\/wp-content\/uploads\/2025\/10\/Smart-island-Krk-prihodi-i-rashodi-2024.xls\">Prihodi i rashodi 2024. godine<\/a><\/p><p><a href=\"https:\/\/sikrk.hr\/wp-content\/uploads\/2025\/10\/Smart-island-Krk-Biljeske-uz-GFI-2024.docx\">Bilje\u0161ke uz Godi\u0161nje financijske izvje\u0161taje za 2024. godinu<\/a><\/p><p><a href=\"https:\/\/sikrk.hr\/wp-content\/uploads\/2025\/10\/Smart-island-Krk-Izvjestaj-poslovodstva-2024.docx\">Izvje\u0161\u0107e poslovodstva za 2024. godinu<\/a><\/p><p><a href=\"https:\/\/sikrk.hr\/wp-content\/uploads\/2025\/10\/Smart-island-Krk-odluka-o-pokricu-gubitka-2024.pdf\">Odluka o pokri\u0107u gubitaka za 2024. godinu<\/a><\/p><p><a href=\"https:\/\/sikrk.hr\/wp-content\/uploads\/2025\/10\/Smart-island-Krk-godisnji-financijski-izvjestaji-GFI-2024.xls\">Godi\u0161nji financijski izvje\u0161taj za 2024. godinu<\/a><\/p>\t\t\t\t\t\t\t\t<\/div>\n\t\t\t\t<\/div>\n\t\t\t\t<div class=\"elementor-element elementor-element-e950fcf elementor-widget elementor-widget-text-editor\" data-id=\"e950fcf\" data-element_type=\"widget\" data-e-type=\"widget\" data-widget_type=\"text-editor.default\">\n\t\t\t\t<div class=\"elementor-widget-container\">\n\t\t\t\t\t\t\t\t\t<p><a href=\"https:\/\/sikrk.hr\/wp-content\/uploads\/2024\/07\/Prihodi-i-rashodi-2023.-godine.xls\">Prihodi i rashodi 2023. godine<\/a><\/p><p><a href=\"https:\/\/sikrk.hr\/wp-content\/uploads\/2024\/07\/Biljeske-uz-Godisnje-financijske-izvjestaje-za-2023.-godinu.docx\">Bilje\u0161ke uz Godi\u0161nje financijske izvje\u0161taje za 2023. godinu<\/a><\/p><p><a href=\"https:\/\/sikrk.hr\/wp-content\/uploads\/2024\/07\/Izvjesce-poslovodstva-za-2023.-godinu.docx\">Izvje\u0161\u0107e poslovodstva za 2023. godinu<\/a><\/p><p><a href=\"https:\/\/sikrk.hr\/wp-content\/uploads\/2024\/07\/Odluka-o-uporabi-dobitka-za-2023.-godinu.pdf\">Odluka o raspodjeli dobiti za 2023. godinu<\/a><\/p><p><a href=\"https:\/\/sikrk.hr\/wp-content\/uploads\/2024\/07\/Godisnji-financijski-izvjestaj-za-2023.-godinu.xls\">Godi\u0161nji financijski izvje\u0161taj za 2023. godinu<\/a><\/p><p><a href=\"https:\/\/sikrk.hr\/wp-content\/uploads\/2023\/10\/Prihodi-i-rashodi-2022.-godine.xls\">Prihodi i rashodi 2022. godine<\/a>\u00a0<\/p><p><a href=\"https:\/\/sikrk.hr\/wp-content\/uploads\/2023\/10\/Biljeske-uz-financijske-izvjestaje-za-2022.-godinu.docx\">Bilje\u0161ke uz Godi\u0161nje financijske izvje\u0161taje za 2022. godinu<\/a><\/p><p><a href=\"https:\/\/sikrk.hr\/wp-content\/uploads\/2023\/10\/Izvjesce-poslovodstva-za-2022-godinu.docx\">Izvje\u0161\u0107e poslovodstva za 2022. godinu<\/a><\/p><p><a href=\"https:\/\/sikrk.hr\/wp-content\/uploads\/2023\/10\/Odluka-o-raspodjeli-dobiti-za-2022.-godinu.pdf\">Odluka o raspodjeli dobiti za 2022. godinu<\/a><\/p><p><a href=\"https:\/\/sikrk.hr\/wp-content\/uploads\/2023\/10\/Godisnji-financijski-izvjestaji-drustva-za-2022.-godinu.xls\">Godi\u0161nji financijski izvje\u0161taj za 2022. godinu <\/a><\/p>\t\t\t\t\t\t\t\t<\/div>\n\t\t\t\t<\/div>\n\t\t\t\t<div class=\"elementor-element elementor-element-7e669f4 elementor-widget elementor-widget-text-editor\" data-id=\"7e669f4\" data-element_type=\"widget\" data-e-type=\"widget\" data-widget_type=\"text-editor.default\">\n\t\t\t\t<div class=\"elementor-widget-container\">\n\t\t\t\t\t\t\t\t\t<p><a href=\"https:\/\/sikrk.hr\/wp-content\/uploads\/2023\/01\/Izvjesce-o-poslovanju-u-razdoblju-1-9.2022.xls\">Izvje\u0161\u0107e o poslovanju u razdoblju 1-9_2022<\/a><\/p><p><a href=\"https:\/\/sikrk.hr\/wp-content\/uploads\/2022\/08\/2021.-Godisnji-financijski-izvjestaji.xls\">Godi\u0161nji financijski izvje\u0161taj za 2021. godinu<\/a>\u00a0<\/p><p><a href=\"https:\/\/sikrk.hr\/wp-content\/uploads\/2022\/08\/2021.-Biljeske-uz-godisnje-financijske-izvjestaje.docx\">Bilje\u0161ke uz Godi\u0161nje financijske izvje\u0161taje za 2021. godinu<\/a><\/p><p><a href=\"https:\/\/sikrk.hr\/wp-content\/uploads\/2022\/08\/2021.-Izvjesce-o-poslovanju.docx\">Izvje\u0161\u0107e o poslovanju za 2021. godinu<\/a><\/p><p><a href=\"https:\/\/sikrk.hr\/wp-content\/uploads\/2022\/08\/2021.-Odluka-o-raspodjeli-dobiti.doc\">Odluka o raspodjeli dobiti za 2021. godinu<\/a><\/p><p><a href=\"https:\/\/sikrk.hr\/wp-content\/uploads\/2022\/03\/SIK-Godisnji-financijski-izvjestaji-2020.-godina_compressed.pdf\">Godi\u0161nji financijski izvje\u0161taj za 2020. godinu<\/a><\/p><p><a href=\"https:\/\/sikrk.hr\/wp-content\/uploads\/2022\/03\/SIK-Godisnji-financijski-izvjestaji-2019.-godina_compressed.pdf\">Godi\u0161nji financijski izvje\u0161taj za 2019. godinu\u00a0<\/a><\/p>\t\t\t\t\t\t\t\t<\/div>\n\t\t\t\t<\/div>\n\t\t\t\t\t<\/div>\n\t\t<\/div>\n\t\t\t\t<div class=\"elementor-column elementor-col-50 elementor-inner-column elementor-element elementor-element-335b40a\" data-id=\"335b40a\" data-element_type=\"column\" data-e-type=\"column\">\n\t\t\t<div class=\"elementor-widget-wrap\">\n\t\t\t\t\t\t\t<\/div>\n\t\t<\/div>\n\t\t\t\t\t<\/div>\n\t\t<\/section>\n\t\t\t\t\t<\/div>\n\t\t<\/div>\n\t\t\t\t\t<\/div>\n\t\t<\/section>\n\t\t\t\t<\/div>","protected":false},"excerpt":{"rendered":"<p>Prihodi i rashodi 2024. godine Bilje\u0161ke uz Godi\u0161nje financijske izvje\u0161taje za 2024. godinu Izvje\u0161\u0107e poslovodstva za 2024. godinu Odluka o pokri\u0107u gubitaka za 2024. godinu Godi\u0161nji financijski izvje\u0161taj za 2024. godinu Prihodi i rashodi 2023. godine Bilje\u0161ke uz Godi\u0161nje financijske izvje\u0161taje za 2023. godinu Izvje\u0161\u0107e poslovodstva za 2023. godinu Odluka o raspodjeli dobiti za 2023.&hellip; <br \/> <a class=\"read-more\" href=\"https:\/\/sikrk.hr\/en\/financijski-izvjestaji\/\">Read more<\/a><\/p>","protected":false},"author":1,"featured_media":0,"parent":0,"menu_order":0,"comment_status":"closed","ping_status":"closed","template":"","meta":{"footnotes":""},"class_list":["post-568","page","type-page","status-publish","hentry"],"yoast_head":"<!-- This site is optimized with the Yoast SEO plugin v27.3 - https:\/\/yoast.com\/product\/yoast-seo-wordpress\/ -->\n<title>FINANCIJSKI IZVJE\u0160TAJI - SMART ISLAND KRK<\/title>\n<meta name=\"robots\" content=\"index, follow, max-snippet:-1, max-image-preview:large, max-video-preview:-1\" \/>\n<link rel=\"canonical\" href=\"https:\/\/sikrk.hr\/en\/financijski-izvjestaji\/\" \/>\n<meta property=\"og:locale\" content=\"en_GB\" \/>\n<meta property=\"og:type\" content=\"article\" \/>\n<meta property=\"og:title\" content=\"FINANCIJSKI IZVJE\u0160TAJI - SMART ISLAND KRK\" \/>\n<meta property=\"og:description\" content=\"Prihodi i rashodi 2024. godine Bilje\u0161ke uz Godi\u0161nje financijske izvje\u0161taje za 2024. godinu Izvje\u0161\u0107e poslovodstva za 2024. godinu Odluka o pokri\u0107u gubitaka za 2024. godinu Godi\u0161nji financijski izvje\u0161taj za 2024. godinu Prihodi i rashodi 2023. godine Bilje\u0161ke uz Godi\u0161nje financijske izvje\u0161taje za 2023. godinu Izvje\u0161\u0107e poslovodstva za 2023. godinu Odluka o raspodjeli dobiti za 2023.&hellip; Read more\" \/>\n<meta property=\"og:url\" content=\"https:\/\/sikrk.hr\/en\/financijski-izvjestaji\/\" \/>\n<meta property=\"og:site_name\" content=\"SMART ISLAND KRK\" \/>\n<meta property=\"article:modified_time\" content=\"2025-10-28T09:23:29+00:00\" \/>\n<meta name=\"twitter:card\" content=\"summary_large_image\" \/>\n<meta name=\"twitter:label1\" content=\"Estimated reading time\" \/>\n\t<meta name=\"twitter:data1\" content=\"1 minute\" \/>\n<script type=\"application\/ld+json\" class=\"yoast-schema-graph\">{\"@context\":\"https:\\\/\\\/schema.org\",\"@graph\":[{\"@type\":\"WebPage\",\"@id\":\"https:\\\/\\\/sikrk.hr\\\/financijski-izvjestaji\\\/\",\"url\":\"https:\\\/\\\/sikrk.hr\\\/financijski-izvjestaji\\\/\",\"name\":\"FINANCIJSKI IZVJE\u0160TAJI - SMART ISLAND KRK\",\"isPartOf\":{\"@id\":\"https:\\\/\\\/sikrk.hr\\\/#website\"},\"datePublished\":\"2022-03-07T12:44:18+00:00\",\"dateModified\":\"2025-10-28T09:23:29+00:00\",\"breadcrumb\":{\"@id\":\"https:\\\/\\\/sikrk.hr\\\/financijski-izvjestaji\\\/#breadcrumb\"},\"inLanguage\":\"en-GB\",\"potentialAction\":[{\"@type\":\"ReadAction\",\"target\":[\"https:\\\/\\\/sikrk.hr\\\/financijski-izvjestaji\\\/\"]}]},{\"@type\":\"BreadcrumbList\",\"@id\":\"https:\\\/\\\/sikrk.hr\\\/financijski-izvjestaji\\\/#breadcrumb\",\"itemListElement\":[{\"@type\":\"ListItem\",\"position\":1,\"name\":\"Home\",\"item\":\"https:\\\/\\\/sikrk.hr\\\/\"},{\"@type\":\"ListItem\",\"position\":2,\"name\":\"FINANCIJSKI IZVJE\u0160TAJI\"}]},{\"@type\":\"WebSite\",\"@id\":\"https:\\\/\\\/sikrk.hr\\\/#website\",\"url\":\"https:\\\/\\\/sikrk.hr\\\/\",\"name\":\"SMART ISLAND KRK\",\"description\":\"\",\"publisher\":{\"@id\":\"https:\\\/\\\/sikrk.hr\\\/#organization\"},\"potentialAction\":[{\"@type\":\"SearchAction\",\"target\":{\"@type\":\"EntryPoint\",\"urlTemplate\":\"https:\\\/\\\/sikrk.hr\\\/?s={search_term_string}\"},\"query-input\":{\"@type\":\"PropertyValueSpecification\",\"valueRequired\":true,\"valueName\":\"search_term_string\"}}],\"inLanguage\":\"en-GB\"},{\"@type\":\"Organization\",\"@id\":\"https:\\\/\\\/sikrk.hr\\\/#organization\",\"name\":\"Smart island Krk\",\"url\":\"https:\\\/\\\/sikrk.hr\\\/\",\"logo\":{\"@type\":\"ImageObject\",\"inLanguage\":\"en-GB\",\"@id\":\"https:\\\/\\\/sikrk.hr\\\/#\\\/schema\\\/logo\\\/image\\\/\",\"url\":\"http:\\\/\\\/sikrk.hr\\\/wp-content\\\/uploads\\\/2019\\\/12\\\/logo_sik.png\",\"contentUrl\":\"http:\\\/\\\/sikrk.hr\\\/wp-content\\\/uploads\\\/2019\\\/12\\\/logo_sik.png\",\"width\":598,\"height\":260,\"caption\":\"Smart island Krk\"},\"image\":{\"@id\":\"https:\\\/\\\/sikrk.hr\\\/#\\\/schema\\\/logo\\\/image\\\/\"}}]}<\/script>\n<!-- \/ Yoast SEO plugin. -->","yoast_head_json":{"title":"FINANCIJSKI IZVJE\u0160TAJI - SMART ISLAND KRK","robots":{"index":"index","follow":"follow","max-snippet":"max-snippet:-1","max-image-preview":"max-image-preview:large","max-video-preview":"max-video-preview:-1"},"canonical":"https:\/\/sikrk.hr\/en\/financijski-izvjestaji\/","og_locale":"en_GB","og_type":"article","og_title":"FINANCIJSKI IZVJE\u0160TAJI - SMART ISLAND KRK","og_description":"Prihodi i rashodi 2024. godine Bilje\u0161ke uz Godi\u0161nje financijske izvje\u0161taje za 2024. godinu Izvje\u0161\u0107e poslovodstva za 2024. godinu Odluka o pokri\u0107u gubitaka za 2024. godinu Godi\u0161nji financijski izvje\u0161taj za 2024. godinu Prihodi i rashodi 2023. godine Bilje\u0161ke uz Godi\u0161nje financijske izvje\u0161taje za 2023. godinu Izvje\u0161\u0107e poslovodstva za 2023. godinu Odluka o raspodjeli dobiti za 2023.&hellip; Read more","og_url":"https:\/\/sikrk.hr\/en\/financijski-izvjestaji\/","og_site_name":"SMART ISLAND KRK","article_modified_time":"2025-10-28T09:23:29+00:00","twitter_card":"summary_large_image","twitter_misc":{"Estimated reading time":"1 minute"},"schema":{"@context":"https:\/\/schema.org","@graph":[{"@type":"WebPage","@id":"https:\/\/sikrk.hr\/financijski-izvjestaji\/","url":"https:\/\/sikrk.hr\/financijski-izvjestaji\/","name":"FINANCIJSKI IZVJE\u0160TAJI - SMART ISLAND KRK","isPartOf":{"@id":"https:\/\/sikrk.hr\/#website"},"datePublished":"2022-03-07T12:44:18+00:00","dateModified":"2025-10-28T09:23:29+00:00","breadcrumb":{"@id":"https:\/\/sikrk.hr\/financijski-izvjestaji\/#breadcrumb"},"inLanguage":"en-GB","potentialAction":[{"@type":"ReadAction","target":["https:\/\/sikrk.hr\/financijski-izvjestaji\/"]}]},{"@type":"BreadcrumbList","@id":"https:\/\/sikrk.hr\/financijski-izvjestaji\/#breadcrumb","itemListElement":[{"@type":"ListItem","position":1,"name":"Home","item":"https:\/\/sikrk.hr\/"},{"@type":"ListItem","position":2,"name":"FINANCIJSKI IZVJE\u0160TAJI"}]},{"@type":"WebSite","@id":"https:\/\/sikrk.hr\/#website","url":"https:\/\/sikrk.hr\/","name":"SMART ISLAND KRK","description":"","publisher":{"@id":"https:\/\/sikrk.hr\/#organization"},"potentialAction":[{"@type":"SearchAction","target":{"@type":"EntryPoint","urlTemplate":"https:\/\/sikrk.hr\/?s={search_term_string}"},"query-input":{"@type":"PropertyValueSpecification","valueRequired":true,"valueName":"search_term_string"}}],"inLanguage":"en-GB"},{"@type":"Organization","@id":"https:\/\/sikrk.hr\/#organization","name":"Smart island Krk","url":"https:\/\/sikrk.hr\/","logo":{"@type":"ImageObject","inLanguage":"en-GB","@id":"https:\/\/sikrk.hr\/#\/schema\/logo\/image\/","url":"http:\/\/sikrk.hr\/wp-content\/uploads\/2019\/12\/logo_sik.png","contentUrl":"http:\/\/sikrk.hr\/wp-content\/uploads\/2019\/12\/logo_sik.png","width":598,"height":260,"caption":"Smart island Krk"},"image":{"@id":"https:\/\/sikrk.hr\/#\/schema\/logo\/image\/"}}]}},"_links":{"self":[{"href":"https:\/\/sikrk.hr\/en\/wp-json\/wp\/v2\/pages\/568","targetHints":{"allow":["GET"]}}],"collection":[{"href":"https:\/\/sikrk.hr\/en\/wp-json\/wp\/v2\/pages"}],"about":[{"href":"https:\/\/sikrk.hr\/en\/wp-json\/wp\/v2\/types\/page"}],"author":[{"embeddable":true,"href":"https:\/\/sikrk.hr\/en\/wp-json\/wp\/v2\/users\/1"}],"replies":[{"embeddable":true,"href":"https:\/\/sikrk.hr\/en\/wp-json\/wp\/v2\/comments?post=568"}],"version-history":[{"count":62,"href":"https:\/\/sikrk.hr\/en\/wp-json\/wp\/v2\/pages\/568\/revisions"}],"predecessor-version":[{"id":1403,"href":"https:\/\/sikrk.hr\/en\/wp-json\/wp\/v2\/pages\/568\/revisions\/1403"}],"wp:attachment":[{"href":"https:\/\/sikrk.hr\/en\/wp-json\/wp\/v2\/media?parent=568"}],"curies":[{"name":"wp","href":"https:\/\/api.w.org\/{rel}","templated":true}]}}