{"id":534,"date":"2022-02-09T15:23:31","date_gmt":"2022-02-09T14:23:31","guid":{"rendered":"http:\/\/sikrk.hr\/?page_id=534"},"modified":"2026-03-31T20:39:23","modified_gmt":"2026-03-31T18:39:23","slug":"ponude","status":"publish","type":"page","link":"https:\/\/sikrk.hr\/en\/ponude\/","title":{"rendered":"PONUDE"},"content":{"rendered":"<div data-elementor-type=\"wp-page\" data-elementor-id=\"534\" class=\"elementor elementor-534\">\n\t\t\t\t\t\t<section class=\"elementor-section elementor-top-section elementor-element elementor-element-774a822e elementor-section-stretched elementor-section-boxed elementor-section-height-default elementor-section-height-default elementor-invisible\" data-id=\"774a822e\" data-element_type=\"section\" data-e-type=\"section\" data-settings=\"{&quot;stretch_section&quot;:&quot;section-stretched&quot;,&quot;animation&quot;:&quot;fadeIn&quot;}\">\n\t\t\t\t\t\t<div class=\"elementor-container elementor-column-gap-default\">\n\t\t\t\t\t<div class=\"elementor-column elementor-col-50 elementor-top-column elementor-element elementor-element-7ac57ca3\" data-id=\"7ac57ca3\" data-element_type=\"column\" data-e-type=\"column\">\n\t\t\t<div class=\"elementor-widget-wrap elementor-element-populated\">\n\t\t\t\t\t\t<div class=\"elementor-element elementor-element-5966fbf elementor-alert-info elementor-widget elementor-widget-alert\" data-id=\"5966fbf\" data-element_type=\"widget\" data-e-type=\"widget\" data-widget_type=\"alert.default\">\n\t\t\t\t<div class=\"elementor-widget-container\">\n\t\t\t\t\t\t\t<div class=\"elementor-alert\" role=\"alert\">\n\n\t\t\t\t\t\t<span class=\"elementor-alert-title\">Cjenik EKI - EKM (va\u017ei od 01. lipnja, 2026.)<\/span>\n\t\t\t\n\t\t\t\n\t\t\t\n\t\t<\/div>\n\t\t\t\t\t\t<\/div>\n\t\t\t\t<\/div>\n\t\t\t\t\t<\/div>\n\t\t<\/div>\n\t\t\t\t<div class=\"elementor-column elementor-col-50 elementor-top-column elementor-element elementor-element-10eab74a\" data-id=\"10eab74a\" data-element_type=\"column\" data-e-type=\"column\">\n\t\t\t<div class=\"elementor-widget-wrap elementor-element-populated\">\n\t\t\t\t\t\t<div class=\"elementor-element elementor-element-25f407b elementor-align-center elementor-button-info elementor-widget elementor-widget-button\" data-id=\"25f407b\" data-element_type=\"widget\" data-e-type=\"widget\" data-widget_type=\"button.default\">\n\t\t\t\t<div class=\"elementor-widget-container\">\n\t\t\t\t\t\t\t\t\t<div class=\"elementor-button-wrapper\">\n\t\t\t\t\t<a class=\"elementor-button elementor-button-link elementor-size-md\" href=\"https:\/\/sikrk.hr\/wp-content\/uploads\/2026\/03\/Cjenik-SiK-2026.pdf\">\n\t\t\t\t\t\t<span class=\"elementor-button-content-wrapper\">\n\t\t\t\t\t\t<span class=\"elementor-button-icon\">\n\t\t\t\t<i aria-hidden=\"true\" class=\"far fa-arrow-alt-circle-down\"><\/i>\t\t\t<\/span>\n\t\t\t\t\t\t\t\t\t<span class=\"elementor-button-text\">Preuzmi<\/span>\n\t\t\t\t\t<\/span>\n\t\t\t\t\t<\/a>\n\t\t\t\t<\/div>\n\t\t\t\t\t\t\t\t<\/div>\n\t\t\t\t<\/div>\n\t\t\t\t\t<\/div>\n\t\t<\/div>\n\t\t\t\t\t<\/div>\n\t\t<\/section>\n\t\t\t\t<section class=\"elementor-section elementor-top-section elementor-element elementor-element-dbcf6ef elementor-section-stretched elementor-section-boxed elementor-section-height-default elementor-section-height-default elementor-invisible\" data-id=\"dbcf6ef\" data-element_type=\"section\" data-e-type=\"section\" data-settings=\"{&quot;stretch_section&quot;:&quot;section-stretched&quot;,&quot;animation&quot;:&quot;fadeIn&quot;}\">\n\t\t\t\t\t\t<div class=\"elementor-container elementor-column-gap-default\">\n\t\t\t\t\t<div class=\"elementor-column elementor-col-50 elementor-top-column elementor-element elementor-element-43f1845\" data-id=\"43f1845\" data-element_type=\"column\" data-e-type=\"column\">\n\t\t\t<div class=\"elementor-widget-wrap elementor-element-populated\">\n\t\t\t\t\t\t<div class=\"elementor-element elementor-element-b7f5942 elementor-alert-info elementor-widget elementor-widget-alert\" data-id=\"b7f5942\" data-element_type=\"widget\" data-e-type=\"widget\" data-widget_type=\"alert.default\">\n\t\t\t\t<div class=\"elementor-widget-container\">\n\t\t\t\t\t\t\t<div class=\"elementor-alert\" role=\"alert\">\n\n\t\t\t\t\t\t<span class=\"elementor-alert-title\">Cjenik EKI - EKM (va\u017ei do 31. svibnja, 2026.)<\/span>\n\t\t\t\n\t\t\t\n\t\t\t\n\t\t<\/div>\n\t\t\t\t\t\t<\/div>\n\t\t\t\t<\/div>\n\t\t\t\t\t<\/div>\n\t\t<\/div>\n\t\t\t\t<div class=\"elementor-column elementor-col-50 elementor-top-column elementor-element elementor-element-1e843ea\" data-id=\"1e843ea\" data-element_type=\"column\" data-e-type=\"column\">\n\t\t\t<div class=\"elementor-widget-wrap elementor-element-populated\">\n\t\t\t\t\t\t<div class=\"elementor-element elementor-element-655cbe0 elementor-align-center elementor-button-info elementor-widget elementor-widget-button\" data-id=\"655cbe0\" data-element_type=\"widget\" data-e-type=\"widget\" data-widget_type=\"button.default\">\n\t\t\t\t<div class=\"elementor-widget-container\">\n\t\t\t\t\t\t\t\t\t<div class=\"elementor-button-wrapper\">\n\t\t\t\t\t<a class=\"elementor-button elementor-button-link elementor-size-md\" href=\"https:\/\/sikrk.hr\/wp-content\/uploads\/2024\/07\/Cjenik-EKI-od-01.07.2024..pdf\">\n\t\t\t\t\t\t<span class=\"elementor-button-content-wrapper\">\n\t\t\t\t\t\t<span class=\"elementor-button-icon\">\n\t\t\t\t<i aria-hidden=\"true\" class=\"far fa-arrow-alt-circle-down\"><\/i>\t\t\t<\/span>\n\t\t\t\t\t\t\t\t\t<span class=\"elementor-button-text\">Preuzmi<\/span>\n\t\t\t\t\t<\/span>\n\t\t\t\t\t<\/a>\n\t\t\t\t<\/div>\n\t\t\t\t\t\t\t\t<\/div>\n\t\t\t\t<\/div>\n\t\t\t\t\t<\/div>\n\t\t<\/div>\n\t\t\t\t\t<\/div>\n\t\t<\/section>\n\t\t\t\t<section class=\"elementor-section elementor-top-section elementor-element elementor-element-547eb0c elementor-section-stretched elementor-section-boxed elementor-section-height-default elementor-section-height-default elementor-invisible\" data-id=\"547eb0c\" data-element_type=\"section\" data-e-type=\"section\" data-settings=\"{&quot;stretch_section&quot;:&quot;section-stretched&quot;,&quot;animation&quot;:&quot;fadeIn&quot;}\">\n\t\t\t\t\t\t<div class=\"elementor-container elementor-column-gap-default\">\n\t\t\t\t\t<div class=\"elementor-column elementor-col-50 elementor-top-column elementor-element elementor-element-c20c8c8\" data-id=\"c20c8c8\" data-element_type=\"column\" data-e-type=\"column\">\n\t\t\t<div class=\"elementor-widget-wrap elementor-element-populated\">\n\t\t\t\t\t\t<div class=\"elementor-element elementor-element-7cb6d2b elementor-alert-info elementor-widget elementor-widget-alert\" data-id=\"7cb6d2b\" data-element_type=\"widget\" data-e-type=\"widget\" data-widget_type=\"alert.default\">\n\t\t\t\t<div class=\"elementor-widget-container\">\n\t\t\t\t\t\t\t<div class=\"elementor-alert\" role=\"alert\">\n\n\t\t\t\t\t\t<span class=\"elementor-alert-title\">Standardna ponuda za usluge na svjetlovodnoj pristupnoj mre\u017ei u bijelim podru\u010djima otoka Krka<\/span>\n\t\t\t\n\t\t\t\n\t\t\t\n\t\t<\/div>\n\t\t\t\t\t\t<\/div>\n\t\t\t\t<\/div>\n\t\t\t\t\t<\/div>\n\t\t<\/div>\n\t\t\t\t<div class=\"elementor-column elementor-col-50 elementor-top-column elementor-element elementor-element-d98c328\" data-id=\"d98c328\" data-element_type=\"column\" data-e-type=\"column\">\n\t\t\t<div class=\"elementor-widget-wrap elementor-element-populated\">\n\t\t\t\t\t\t<div class=\"elementor-element elementor-element-fd52b2b elementor-align-center elementor-button-info elementor-widget elementor-widget-button\" data-id=\"fd52b2b\" data-element_type=\"widget\" data-e-type=\"widget\" data-widget_type=\"button.default\">\n\t\t\t\t<div class=\"elementor-widget-container\">\n\t\t\t\t\t\t\t\t\t<div class=\"elementor-button-wrapper\">\n\t\t\t\t\t<a class=\"elementor-button elementor-button-link elementor-size-md\" href=\"https:\/\/sikrk.hr\/wp-content\/uploads\/2026\/01\/Standardna-ponuda-SiK-2026.pdf\">\n\t\t\t\t\t\t<span class=\"elementor-button-content-wrapper\">\n\t\t\t\t\t\t<span class=\"elementor-button-icon\">\n\t\t\t\t<i aria-hidden=\"true\" class=\"far fa-arrow-alt-circle-down\"><\/i>\t\t\t<\/span>\n\t\t\t\t\t\t\t\t\t<span class=\"elementor-button-text\">Preuzmi<\/span>\n\t\t\t\t\t<\/span>\n\t\t\t\t\t<\/a>\n\t\t\t\t<\/div>\n\t\t\t\t\t\t\t\t<\/div>\n\t\t\t\t<\/div>\n\t\t\t\t\t<\/div>\n\t\t<\/div>\n\t\t\t\t\t<\/div>\n\t\t<\/section>\n\t\t\t\t<\/div>","protected":false},"excerpt":{"rendered":"<p>Cjenik EKI &#8211; EKM (va\u017ei od 01. lipnja, 2026.) Preuzmi Cjenik EKI &#8211; EKM (va\u017ei do 31. svibnja, 2026.) Preuzmi Standardna ponuda za usluge na svjetlovodnoj pristupnoj mre\u017ei u bijelim podru\u010djima otoka Krka Preuzmi<\/p>","protected":false},"author":1,"featured_media":0,"parent":0,"menu_order":0,"comment_status":"closed","ping_status":"closed","template":"","meta":{"footnotes":""},"class_list":["post-534","page","type-page","status-publish","hentry"],"yoast_head":"<!-- This site is optimized with the Yoast SEO plugin v27.3 - https:\/\/yoast.com\/product\/yoast-seo-wordpress\/ -->\n<title>PONUDE - SMART ISLAND KRK<\/title>\n<meta name=\"robots\" content=\"index, follow, max-snippet:-1, max-image-preview:large, max-video-preview:-1\" \/>\n<link rel=\"canonical\" href=\"https:\/\/sikrk.hr\/en\/ponude\/\" \/>\n<meta property=\"og:locale\" content=\"en_GB\" \/>\n<meta property=\"og:type\" content=\"article\" \/>\n<meta property=\"og:title\" content=\"PONUDE - SMART ISLAND KRK\" \/>\n<meta property=\"og:description\" content=\"Cjenik EKI &#8211; EKM (va\u017ei od 01. lipnja, 2026.) Preuzmi Cjenik EKI &#8211; EKM (va\u017ei do 31. svibnja, 2026.) Preuzmi Standardna ponuda za usluge na svjetlovodnoj pristupnoj mre\u017ei u bijelim podru\u010djima otoka Krka Preuzmi\" \/>\n<meta property=\"og:url\" content=\"https:\/\/sikrk.hr\/en\/ponude\/\" \/>\n<meta property=\"og:site_name\" content=\"SMART ISLAND KRK\" \/>\n<meta property=\"article:modified_time\" content=\"2026-03-31T18:39:23+00:00\" \/>\n<meta name=\"twitter:card\" content=\"summary_large_image\" \/>\n<script type=\"application\/ld+json\" class=\"yoast-schema-graph\">{\"@context\":\"https:\\\/\\\/schema.org\",\"@graph\":[{\"@type\":\"WebPage\",\"@id\":\"https:\\\/\\\/sikrk.hr\\\/ponude\\\/\",\"url\":\"https:\\\/\\\/sikrk.hr\\\/ponude\\\/\",\"name\":\"PONUDE - SMART ISLAND KRK\",\"isPartOf\":{\"@id\":\"https:\\\/\\\/sikrk.hr\\\/#website\"},\"datePublished\":\"2022-02-09T14:23:31+00:00\",\"dateModified\":\"2026-03-31T18:39:23+00:00\",\"breadcrumb\":{\"@id\":\"https:\\\/\\\/sikrk.hr\\\/ponude\\\/#breadcrumb\"},\"inLanguage\":\"en-GB\",\"potentialAction\":[{\"@type\":\"ReadAction\",\"target\":[\"https:\\\/\\\/sikrk.hr\\\/ponude\\\/\"]}]},{\"@type\":\"BreadcrumbList\",\"@id\":\"https:\\\/\\\/sikrk.hr\\\/ponude\\\/#breadcrumb\",\"itemListElement\":[{\"@type\":\"ListItem\",\"position\":1,\"name\":\"Home\",\"item\":\"https:\\\/\\\/sikrk.hr\\\/\"},{\"@type\":\"ListItem\",\"position\":2,\"name\":\"PONUDE\"}]},{\"@type\":\"WebSite\",\"@id\":\"https:\\\/\\\/sikrk.hr\\\/#website\",\"url\":\"https:\\\/\\\/sikrk.hr\\\/\",\"name\":\"SMART ISLAND KRK\",\"description\":\"\",\"publisher\":{\"@id\":\"https:\\\/\\\/sikrk.hr\\\/#organization\"},\"potentialAction\":[{\"@type\":\"SearchAction\",\"target\":{\"@type\":\"EntryPoint\",\"urlTemplate\":\"https:\\\/\\\/sikrk.hr\\\/?s={search_term_string}\"},\"query-input\":{\"@type\":\"PropertyValueSpecification\",\"valueRequired\":true,\"valueName\":\"search_term_string\"}}],\"inLanguage\":\"en-GB\"},{\"@type\":\"Organization\",\"@id\":\"https:\\\/\\\/sikrk.hr\\\/#organization\",\"name\":\"Smart island Krk\",\"url\":\"https:\\\/\\\/sikrk.hr\\\/\",\"logo\":{\"@type\":\"ImageObject\",\"inLanguage\":\"en-GB\",\"@id\":\"https:\\\/\\\/sikrk.hr\\\/#\\\/schema\\\/logo\\\/image\\\/\",\"url\":\"http:\\\/\\\/sikrk.hr\\\/wp-content\\\/uploads\\\/2019\\\/12\\\/logo_sik.png\",\"contentUrl\":\"http:\\\/\\\/sikrk.hr\\\/wp-content\\\/uploads\\\/2019\\\/12\\\/logo_sik.png\",\"width\":598,\"height\":260,\"caption\":\"Smart island Krk\"},\"image\":{\"@id\":\"https:\\\/\\\/sikrk.hr\\\/#\\\/schema\\\/logo\\\/image\\\/\"}}]}<\/script>\n<!-- \/ Yoast SEO plugin. -->","yoast_head_json":{"title":"PONUDE - SMART ISLAND KRK","robots":{"index":"index","follow":"follow","max-snippet":"max-snippet:-1","max-image-preview":"max-image-preview:large","max-video-preview":"max-video-preview:-1"},"canonical":"https:\/\/sikrk.hr\/en\/ponude\/","og_locale":"en_GB","og_type":"article","og_title":"PONUDE - SMART ISLAND KRK","og_description":"Cjenik EKI &#8211; EKM (va\u017ei od 01. lipnja, 2026.) Preuzmi Cjenik EKI &#8211; EKM (va\u017ei do 31. svibnja, 2026.) Preuzmi Standardna ponuda za usluge na svjetlovodnoj pristupnoj mre\u017ei u bijelim podru\u010djima otoka Krka Preuzmi","og_url":"https:\/\/sikrk.hr\/en\/ponude\/","og_site_name":"SMART ISLAND KRK","article_modified_time":"2026-03-31T18:39:23+00:00","twitter_card":"summary_large_image","schema":{"@context":"https:\/\/schema.org","@graph":[{"@type":"WebPage","@id":"https:\/\/sikrk.hr\/ponude\/","url":"https:\/\/sikrk.hr\/ponude\/","name":"PONUDE - SMART ISLAND KRK","isPartOf":{"@id":"https:\/\/sikrk.hr\/#website"},"datePublished":"2022-02-09T14:23:31+00:00","dateModified":"2026-03-31T18:39:23+00:00","breadcrumb":{"@id":"https:\/\/sikrk.hr\/ponude\/#breadcrumb"},"inLanguage":"en-GB","potentialAction":[{"@type":"ReadAction","target":["https:\/\/sikrk.hr\/ponude\/"]}]},{"@type":"BreadcrumbList","@id":"https:\/\/sikrk.hr\/ponude\/#breadcrumb","itemListElement":[{"@type":"ListItem","position":1,"name":"Home","item":"https:\/\/sikrk.hr\/"},{"@type":"ListItem","position":2,"name":"PONUDE"}]},{"@type":"WebSite","@id":"https:\/\/sikrk.hr\/#website","url":"https:\/\/sikrk.hr\/","name":"SMART ISLAND KRK","description":"","publisher":{"@id":"https:\/\/sikrk.hr\/#organization"},"potentialAction":[{"@type":"SearchAction","target":{"@type":"EntryPoint","urlTemplate":"https:\/\/sikrk.hr\/?s={search_term_string}"},"query-input":{"@type":"PropertyValueSpecification","valueRequired":true,"valueName":"search_term_string"}}],"inLanguage":"en-GB"},{"@type":"Organization","@id":"https:\/\/sikrk.hr\/#organization","name":"Smart island Krk","url":"https:\/\/sikrk.hr\/","logo":{"@type":"ImageObject","inLanguage":"en-GB","@id":"https:\/\/sikrk.hr\/#\/schema\/logo\/image\/","url":"http:\/\/sikrk.hr\/wp-content\/uploads\/2019\/12\/logo_sik.png","contentUrl":"http:\/\/sikrk.hr\/wp-content\/uploads\/2019\/12\/logo_sik.png","width":598,"height":260,"caption":"Smart island Krk"},"image":{"@id":"https:\/\/sikrk.hr\/#\/schema\/logo\/image\/"}}]}},"_links":{"self":[{"href":"https:\/\/sikrk.hr\/en\/wp-json\/wp\/v2\/pages\/534","targetHints":{"allow":["GET"]}}],"collection":[{"href":"https:\/\/sikrk.hr\/en\/wp-json\/wp\/v2\/pages"}],"about":[{"href":"https:\/\/sikrk.hr\/en\/wp-json\/wp\/v2\/types\/page"}],"author":[{"embeddable":true,"href":"https:\/\/sikrk.hr\/en\/wp-json\/wp\/v2\/users\/1"}],"replies":[{"embeddable":true,"href":"https:\/\/sikrk.hr\/en\/wp-json\/wp\/v2\/comments?post=534"}],"version-history":[{"count":37,"href":"https:\/\/sikrk.hr\/en\/wp-json\/wp\/v2\/pages\/534\/revisions"}],"predecessor-version":[{"id":1491,"href":"https:\/\/sikrk.hr\/en\/wp-json\/wp\/v2\/pages\/534\/revisions\/1491"}],"wp:attachment":[{"href":"https:\/\/sikrk.hr\/en\/wp-json\/wp\/v2\/media?parent=534"}],"curies":[{"name":"wp","href":"https:\/\/api.w.org\/{rel}","templated":true}]}}