{"id":15,"date":"2019-12-22T18:06:43","date_gmt":"2019-12-22T18:06:43","guid":{"rendered":"http:\/\/sikrk.hr\/?page_id=15"},"modified":"2026-01-16T08:34:32","modified_gmt":"2026-01-16T07:34:32","slug":"kontakt","status":"publish","type":"page","link":"https:\/\/sikrk.hr\/en\/kontakt\/","title":{"rendered":"CONTACT"},"content":{"rendered":"<div data-elementor-type=\"wp-page\" data-elementor-id=\"15\" class=\"elementor elementor-15\">\n\t\t\t\t\t\t<section class=\"elementor-section elementor-top-section elementor-element elementor-element-1141ae91 elementor-section-full_width elementor-section-stretched elementor-section-height-default elementor-section-height-default\" data-id=\"1141ae91\" data-element_type=\"section\" data-e-type=\"section\" data-settings=\"{&quot;stretch_section&quot;:&quot;section-stretched&quot;,&quot;background_background&quot;:&quot;video&quot;}\">\n\t\t\t\t\t\t<div class=\"elementor-container elementor-column-gap-default\">\n\t\t\t\t\t\t<\/div>\n\t\t<\/section>\n\t\t\t\t<section class=\"elementor-section elementor-top-section elementor-element elementor-element-363ba7a elementor-section-stretched elementor-section-boxed elementor-section-height-default elementor-section-height-default\" data-id=\"363ba7a\" data-element_type=\"section\" data-e-type=\"section\" data-settings=\"{&quot;stretch_section&quot;:&quot;section-stretched&quot;,&quot;background_background&quot;:&quot;classic&quot;}\">\n\t\t\t\t\t\t<div class=\"elementor-container elementor-column-gap-default\">\n\t\t\t\t\t<div class=\"elementor-column elementor-col-50 elementor-top-column elementor-element elementor-element-e455a0e\" data-id=\"e455a0e\" data-element_type=\"column\" data-e-type=\"column\">\n\t\t\t<div class=\"elementor-widget-wrap elementor-element-populated\">\n\t\t\t\t\t\t<div class=\"elementor-element elementor-element-46e5d71 elementor-widget elementor-widget-google_maps\" data-id=\"46e5d71\" data-element_type=\"widget\" data-e-type=\"widget\" data-widget_type=\"google_maps.default\">\n\t\t\t\t<div class=\"elementor-widget-container\">\n\t\t\t\t\t\t\t<div class=\"elementor-custom-embed\">\n\t\t\t<iframe loading=\"lazy\"\n\t\t\t\t\tsrc=\"https:\/\/maps.google.com\/maps?q=Vr%C5%A1anska%2014&#038;t=m&#038;z=10&#038;output=embed&#038;iwloc=near\"\n\t\t\t\t\ttitle=\"Vr\u0161anska 14\"\n\t\t\t\t\taria-label=\"Vr\u0161anska 14\"\n\t\t\t><\/iframe>\n\t\t<\/div>\n\t\t\t\t\t\t<\/div>\n\t\t\t\t<\/div>\n\t\t\t\t<section class=\"elementor-section elementor-inner-section elementor-element elementor-element-3e8729e elementor-section-content-middle elementor-section-boxed elementor-section-height-default elementor-section-height-default\" data-id=\"3e8729e\" data-element_type=\"section\" data-e-type=\"section\">\n\t\t\t\t\t\t<div class=\"elementor-container elementor-column-gap-no\">\n\t\t\t\t\t<div class=\"elementor-column elementor-col-50 elementor-inner-column elementor-element elementor-element-17fe511\" data-id=\"17fe511\" data-element_type=\"column\" data-e-type=\"column\">\n\t\t\t<div class=\"elementor-widget-wrap elementor-element-populated\">\n\t\t\t\t\t\t<div class=\"elementor-element elementor-element-7a5510a elementor-widget elementor-widget-heading\" data-id=\"7a5510a\" data-element_type=\"widget\" data-e-type=\"widget\" data-widget_type=\"heading.default\">\n\t\t\t\t<div class=\"elementor-widget-container\">\n\t\t\t\t\t<h6 class=\"elementor-heading-title elementor-size-default\">Location<\/h6>\t\t\t\t<\/div>\n\t\t\t\t<\/div>\n\t\t\t\t<div class=\"elementor-element elementor-element-4e46884 elementor-widget elementor-widget-text-editor\" data-id=\"4e46884\" data-element_type=\"widget\" data-e-type=\"widget\" data-widget_type=\"text-editor.default\">\n\t\t\t\t<div class=\"elementor-widget-container\">\n\t\t\t\t\t\t\t\t\t<p>Vr\u0161anska 14<\/p><p>51500 Krk<\/p>\t\t\t\t\t\t\t\t<\/div>\n\t\t\t\t<\/div>\n\t\t\t\t\t<\/div>\n\t\t<\/div>\n\t\t\t\t<div class=\"elementor-column elementor-col-50 elementor-inner-column elementor-element elementor-element-5c91aed\" data-id=\"5c91aed\" data-element_type=\"column\" data-e-type=\"column\">\n\t\t\t<div class=\"elementor-widget-wrap elementor-element-populated\">\n\t\t\t\t\t\t<div class=\"elementor-element elementor-element-c89c73b elementor-widget elementor-widget-heading\" data-id=\"c89c73b\" data-element_type=\"widget\" data-e-type=\"widget\" data-widget_type=\"heading.default\">\n\t\t\t\t<div class=\"elementor-widget-container\">\n\t\t\t\t\t<h6 class=\"elementor-heading-title elementor-size-default\">Contact<\/h6>\t\t\t\t<\/div>\n\t\t\t\t<\/div>\n\t\t\t\t<div class=\"elementor-element elementor-element-1227fd0 elementor-widget elementor-widget-text-editor\" data-id=\"1227fd0\" data-element_type=\"widget\" data-e-type=\"widget\" data-widget_type=\"text-editor.default\">\n\t\t\t\t<div class=\"elementor-widget-container\">\n\t\t\t\t\t\t\t\t\t<p>Tel: 051\/654-666<\/p><p>E-mail: info@sikrk.hr<\/p>\t\t\t\t\t\t\t\t<\/div>\n\t\t\t\t<\/div>\n\t\t\t\t\t<\/div>\n\t\t<\/div>\n\t\t\t\t\t<\/div>\n\t\t<\/section>\n\t\t\t\t\t<\/div>\n\t\t<\/div>\n\t\t\t\t<div class=\"elementor-column elementor-col-50 elementor-top-column elementor-element elementor-element-2e4a95f\" data-id=\"2e4a95f\" data-element_type=\"column\" data-e-type=\"column\" data-settings=\"{&quot;background_background&quot;:&quot;classic&quot;}\">\n\t\t\t<div class=\"elementor-widget-wrap elementor-element-populated\">\n\t\t\t\t\t\t<div class=\"elementor-element elementor-element-699a5d1 elementor-widget elementor-widget-shortcode\" data-id=\"699a5d1\" data-element_type=\"widget\" data-e-type=\"widget\" data-widget_type=\"shortcode.default\">\n\t\t\t\t<div class=\"elementor-widget-container\">\n\t\t\t\t\t\t\t<div class=\"elementor-shortcode\">\n<div class=\"wpcf7 no-js\" id=\"wpcf7-f184-o1\" lang=\"en-US\" dir=\"ltr\" data-wpcf7-id=\"184\">\n<div class=\"screen-reader-response\"><p role=\"status\" aria-live=\"polite\" aria-atomic=\"true\"><\/p> <ul><\/ul><\/div>\n<form action=\"\/en\/wp-json\/wp\/v2\/pages\/15#wpcf7-f184-o1\" method=\"post\" class=\"wpcf7-form init\" aria-label=\"Contact form\" novalidate=\"novalidate\" data-status=\"init\" data-trp-original-action=\"\/en\/wp-json\/wp\/v2\/pages\/15#wpcf7-f184-o1\">\n<fieldset class=\"hidden-fields-container\"><input type=\"hidden\" name=\"_wpcf7\" value=\"184\" \/><input type=\"hidden\" name=\"_wpcf7_version\" value=\"6.1.5\" \/><input type=\"hidden\" name=\"_wpcf7_locale\" value=\"en_US\" \/><input type=\"hidden\" name=\"_wpcf7_unit_tag\" value=\"wpcf7-f184-o1\" \/><input type=\"hidden\" name=\"_wpcf7_container_post\" value=\"0\" \/><input type=\"hidden\" name=\"_wpcf7_posted_data_hash\" value=\"\" \/>\n<\/fieldset>\n<p><label> Your name *<br \/>\n<span class=\"wpcf7-form-control-wrap\" data-name=\"your-name\"><input size=\"40\" maxlength=\"400\" class=\"wpcf7-form-control wpcf7-text wpcf7-validates-as-required\" aria-required=\"true\" aria-invalid=\"false\" value=\"\" type=\"text\" name=\"your-name\" \/><\/span> <\/label>\n<\/p>\n<p><label> E-mail *<br \/>\n<span class=\"wpcf7-form-control-wrap\" data-name=\"your-email\"><input size=\"40\" maxlength=\"400\" class=\"wpcf7-form-control wpcf7-email wpcf7-validates-as-required wpcf7-text wpcf7-validates-as-email\" aria-required=\"true\" aria-invalid=\"false\" value=\"\" type=\"email\" name=\"your-email\" \/><\/span> <\/label>\n<\/p>\n<p><label> Subject<br \/>\n<span class=\"wpcf7-form-control-wrap\" data-name=\"your-subject\"><input size=\"40\" maxlength=\"400\" class=\"wpcf7-form-control wpcf7-text\" aria-invalid=\"false\" value=\"\" type=\"text\" name=\"your-subject\" \/><\/span> <\/label>\n<\/p>\n<p><label> Message<br \/>\n<span class=\"wpcf7-form-control-wrap\" data-name=\"your-message\"><textarea cols=\"40\" rows=\"10\" maxlength=\"2000\" class=\"wpcf7-form-control wpcf7-textarea\" aria-invalid=\"false\" name=\"your-message\"><\/textarea><\/span> <\/label>\n<\/p>\n<p><input class=\"wpcf7-form-control wpcf7-submit has-spinner\" type=\"submit\" value=\"Send\" \/>\n<\/p><div class=\"wpcf7-response-output\" aria-hidden=\"true\"><\/div>\n<input type=\"hidden\" name=\"trp-form-language\" value=\"en\"\/><\/form>\n<\/div>\n<\/div>\n\t\t\t\t\t\t<\/div>\n\t\t\t\t<\/div>\n\t\t\t\t\t<\/div>\n\t\t<\/div>\n\t\t\t\t\t<\/div>\n\t\t<\/section>\n\t\t\t\t<section class=\"elementor-section elementor-top-section elementor-element elementor-element-c11219b elementor-section-stretched elementor-section-boxed elementor-section-height-default elementor-section-height-default\" data-id=\"c11219b\" data-element_type=\"section\" data-e-type=\"section\" data-settings=\"{&quot;stretch_section&quot;:&quot;section-stretched&quot;}\">\n\t\t\t\t\t\t<div class=\"elementor-container elementor-column-gap-default\">\n\t\t\t\t\t<div class=\"elementor-column elementor-col-100 elementor-top-column elementor-element elementor-element-9c5dac2\" data-id=\"9c5dac2\" data-element_type=\"column\" data-e-type=\"column\">\n\t\t\t<div class=\"elementor-widget-wrap elementor-element-populated\">\n\t\t\t\t\t\t<div class=\"elementor-element elementor-element-b93477c elementor-widget elementor-widget-text-editor\" data-id=\"b93477c\" data-element_type=\"widget\" data-e-type=\"widget\" data-widget_type=\"text-editor.default\">\n\t\t\t\t<div class=\"elementor-widget-container\">\n\t\t\t\t\t\t\t\t\t<h3><span style=\"text-decoration: underline;\"><strong><span style=\"color: #00ccff; text-decoration: underline;\">INFORMACIJE VEZANE ZA OPTI\u010cKE PRIKLJU\u010cKE:<\/span><\/strong><\/span><\/h3><p>Pon &#8211; \u010cet:\u00a0 08:00 &#8211; 14:00 h<br \/>tel.: +385(0)51 654-605<br \/>e-mail: prikljucak@sikrk.hr<\/p><p><span style=\"color: #3c424f; font-family: 'Open Sans', Helvetica, Arial, sans-serif; font-size: 1.5rem;\">\u00a0<\/span><\/p><h3><span style=\"text-decoration: underline;\"><span style=\"color: #00ccff; text-decoration: underline;\"><strong>TE<\/strong><\/span><b><span style=\"color: #00ccff; text-decoration: underline;\">LEFONSKI IMENIK<\/span><br \/><\/b><\/span><\/h3><p><strong>DIREKTOR<\/strong>:<br \/>Alen Gr\u017eeti\u0107 mag.ing.el<br \/>Tel: +385(0)51 654-615<br \/>e-mail: alen.grzetic@sikrk.hr<br \/><br \/><strong>TAJNICA DIREKTORA:<\/strong><br \/>An\u0111ela Borojevi\u0107 bacc.oec.<br \/>tel.: +385(0)51 654-613<br \/>e-mail: andjela.borojevic@ponikve.hr<br \/><br \/><strong>POMO\u0106NIK DIREKTORA:<\/strong><br \/>Hrvoje \u0110akovi\u0107 ing.el.<br \/>tel.: +385(0)51 654-606<br \/>e-mail: hrvoje.dakovic@sikrk.hr<br \/><br \/><strong>RADNA JEDINICA ENERGETIKA:<\/strong><br \/>Dario Cvitkovi\u0107 \u2013 voditelj EKI\/EKM<br \/>tel.: +385(0)51 654-606<br \/>e-mail: dario.cvitkovic@sikrk.hr<br \/><br \/><strong>RADNA JEDINICA JAVNA RASVJETA:<\/strong><br \/>Renato Baldigara \u2013 voditelj JR<br \/>tel.: +385(0)99 6654 710<\/p>\t\t\t\t\t\t\t\t<\/div>\n\t\t\t\t<\/div>\n\t\t\t\t\t<\/div>\n\t\t<\/div>\n\t\t\t\t\t<\/div>\n\t\t<\/section>\n\t\t\t\t<section class=\"elementor-section elementor-top-section elementor-element elementor-element-8aa9012 elementor-section-stretched elementor-section-boxed elementor-section-height-default elementor-section-height-default\" data-id=\"8aa9012\" data-element_type=\"section\" data-e-type=\"section\" data-settings=\"{&quot;stretch_section&quot;:&quot;section-stretched&quot;}\">\n\t\t\t\t\t\t<div class=\"elementor-container elementor-column-gap-default\">\n\t\t\t\t\t<div class=\"elementor-column elementor-col-100 elementor-top-column elementor-element elementor-element-83e20d4\" data-id=\"83e20d4\" data-element_type=\"column\" data-e-type=\"column\">\n\t\t\t<div class=\"elementor-widget-wrap elementor-element-populated\">\n\t\t\t\t\t\t<div class=\"elementor-element elementor-element-8c56830 elementor-widget elementor-widget-text-editor\" data-id=\"8c56830\" data-element_type=\"widget\" data-e-type=\"widget\" data-widget_type=\"text-editor.default\">\n\t\t\t\t<div class=\"elementor-widget-container\">\n\t\t\t\t\t\t\t\t\t<p><a href=\"http:\/\/sikrk.hr\/en\/\">SMART ISLAND KRK d.o.o.<\/a> &#8211; dru\u0161tvo s ograni\u010denom odgovorno\u0161\u0107u za projektiranje, gra\u0111enje i usluge, Sjedi\u0161te: Vr\u0161anska 14, 51500 Krk, OIB: 71183086599, MBS: 040410444, \u010clan uprave: Alen Gr\u017eeti\u0107 \u2013 direktor, Bankovni ra\u010dun \u2013 IBAN: HR5124020061100955512<\/p>\t\t\t\t\t\t\t\t<\/div>\n\t\t\t\t<\/div>\n\t\t\t\t\t<\/div>\n\t\t<\/div>\n\t\t\t\t\t<\/div>\n\t\t<\/section>\n\t\t\t\t<\/div>","protected":false},"excerpt":{"rendered":"<p>Lokacija Vr\u0161anska 14 51500 Krk Kontakt Tel: 051\/654-666 E-mail: info@sikrk.hr INFORMACIJE VEZANE ZA OPTI\u010cKE PRIKLJU\u010cKE: Pon &#8211; \u010cet:\u00a0 08:00 &#8211; 14:00 htel.: +385(0)51 654-605e-mail: prikljucak@sikrk.hr \u00a0 TELEFONSKI IMENIK DIREKTOR:Alen Gr\u017eeti\u0107 mag.ing.elTel: +385(0)51 654-615e-mail: alen.grzetic@sikrk.hr TAJNICA DIREKTORA:An\u0111ela Borojevi\u0107 bacc.oec.tel.: +385(0)51 654-613e-mail: andjela.borojevic@ponikve.hr POMO\u0106NIK DIREKTORA:Hrvoje \u0110akovi\u0107 ing.el.tel.: +385(0)51 654-606e-mail: hrvoje.dakovic@sikrk.hr RADNA JEDINICA ENERGETIKA:Dario Cvitkovi\u0107 \u2013 voditelj EKI\/EKMtel.:&hellip; <br \/> <a class=\"read-more\" href=\"https:\/\/sikrk.hr\/en\/kontakt\/\">Read more<\/a><\/p>","protected":false},"author":1,"featured_media":0,"parent":0,"menu_order":0,"comment_status":"closed","ping_status":"closed","template":"","meta":{"footnotes":""},"class_list":["post-15","page","type-page","status-publish","hentry"],"yoast_head":"<!-- This site is optimized with the Yoast SEO plugin v27.3 - https:\/\/yoast.com\/product\/yoast-seo-wordpress\/ -->\n<title>KONTAKT - SMART ISLAND KRK<\/title>\n<meta name=\"description\" content=\"info@sikrk.hr Vr\u0161anska 14, 51500 Krk\" \/>\n<meta name=\"robots\" content=\"index, follow, max-snippet:-1, max-image-preview:large, max-video-preview:-1\" \/>\n<link rel=\"canonical\" href=\"https:\/\/sikrk.hr\/en\/kontakt\/\" \/>\n<meta property=\"og:locale\" content=\"en_GB\" \/>\n<meta property=\"og:type\" content=\"article\" \/>\n<meta property=\"og:title\" content=\"KONTAKT - SMART ISLAND KRK\" \/>\n<meta property=\"og:description\" content=\"info@sikrk.hr Vr\u0161anska 14, 51500 Krk\" \/>\n<meta property=\"og:url\" content=\"https:\/\/sikrk.hr\/en\/kontakt\/\" \/>\n<meta property=\"og:site_name\" content=\"SMART ISLAND KRK\" \/>\n<meta property=\"article:modified_time\" content=\"2026-01-16T07:34:32+00:00\" \/>\n<meta name=\"twitter:card\" content=\"summary_large_image\" \/>\n<meta name=\"twitter:label1\" content=\"Estimated reading time\" \/>\n\t<meta name=\"twitter:data1\" content=\"1 minute\" \/>\n<script type=\"application\/ld+json\" class=\"yoast-schema-graph\">{\"@context\":\"https:\\\/\\\/schema.org\",\"@graph\":[{\"@type\":\"WebPage\",\"@id\":\"https:\\\/\\\/sikrk.hr\\\/kontakt\\\/\",\"url\":\"https:\\\/\\\/sikrk.hr\\\/kontakt\\\/\",\"name\":\"KONTAKT - SMART ISLAND KRK\",\"isPartOf\":{\"@id\":\"https:\\\/\\\/sikrk.hr\\\/#website\"},\"datePublished\":\"2019-12-22T18:06:43+00:00\",\"dateModified\":\"2026-01-16T07:34:32+00:00\",\"description\":\"info@sikrk.hr Vr\u0161anska 14, 51500 Krk\",\"breadcrumb\":{\"@id\":\"https:\\\/\\\/sikrk.hr\\\/kontakt\\\/#breadcrumb\"},\"inLanguage\":\"en-GB\",\"potentialAction\":[{\"@type\":\"ReadAction\",\"target\":[\"https:\\\/\\\/sikrk.hr\\\/kontakt\\\/\"]}]},{\"@type\":\"BreadcrumbList\",\"@id\":\"https:\\\/\\\/sikrk.hr\\\/kontakt\\\/#breadcrumb\",\"itemListElement\":[{\"@type\":\"ListItem\",\"position\":1,\"name\":\"Home\",\"item\":\"https:\\\/\\\/sikrk.hr\\\/\"},{\"@type\":\"ListItem\",\"position\":2,\"name\":\"KONTAKT\"}]},{\"@type\":\"WebSite\",\"@id\":\"https:\\\/\\\/sikrk.hr\\\/#website\",\"url\":\"https:\\\/\\\/sikrk.hr\\\/\",\"name\":\"SMART ISLAND KRK\",\"description\":\"\",\"publisher\":{\"@id\":\"https:\\\/\\\/sikrk.hr\\\/#organization\"},\"potentialAction\":[{\"@type\":\"SearchAction\",\"target\":{\"@type\":\"EntryPoint\",\"urlTemplate\":\"https:\\\/\\\/sikrk.hr\\\/?s={search_term_string}\"},\"query-input\":{\"@type\":\"PropertyValueSpecification\",\"valueRequired\":true,\"valueName\":\"search_term_string\"}}],\"inLanguage\":\"en-GB\"},{\"@type\":\"Organization\",\"@id\":\"https:\\\/\\\/sikrk.hr\\\/#organization\",\"name\":\"Smart island Krk\",\"url\":\"https:\\\/\\\/sikrk.hr\\\/\",\"logo\":{\"@type\":\"ImageObject\",\"inLanguage\":\"en-GB\",\"@id\":\"https:\\\/\\\/sikrk.hr\\\/#\\\/schema\\\/logo\\\/image\\\/\",\"url\":\"http:\\\/\\\/sikrk.hr\\\/wp-content\\\/uploads\\\/2019\\\/12\\\/logo_sik.png\",\"contentUrl\":\"http:\\\/\\\/sikrk.hr\\\/wp-content\\\/uploads\\\/2019\\\/12\\\/logo_sik.png\",\"width\":598,\"height\":260,\"caption\":\"Smart island Krk\"},\"image\":{\"@id\":\"https:\\\/\\\/sikrk.hr\\\/#\\\/schema\\\/logo\\\/image\\\/\"}}]}<\/script>\n<!-- \/ Yoast SEO plugin. -->","yoast_head_json":{"title":"KONTAKT - SMART ISLAND KRK","description":"info@sikrk.hr Vr\u0161anska 14, 51500 Krk","robots":{"index":"index","follow":"follow","max-snippet":"max-snippet:-1","max-image-preview":"max-image-preview:large","max-video-preview":"max-video-preview:-1"},"canonical":"https:\/\/sikrk.hr\/en\/kontakt\/","og_locale":"en_GB","og_type":"article","og_title":"KONTAKT - SMART ISLAND KRK","og_description":"info@sikrk.hr Vr\u0161anska 14, 51500 Krk","og_url":"https:\/\/sikrk.hr\/en\/kontakt\/","og_site_name":"SMART ISLAND KRK","article_modified_time":"2026-01-16T07:34:32+00:00","twitter_card":"summary_large_image","twitter_misc":{"Estimated reading time":"1 minute"},"schema":{"@context":"https:\/\/schema.org","@graph":[{"@type":"WebPage","@id":"https:\/\/sikrk.hr\/kontakt\/","url":"https:\/\/sikrk.hr\/kontakt\/","name":"KONTAKT - SMART ISLAND KRK","isPartOf":{"@id":"https:\/\/sikrk.hr\/#website"},"datePublished":"2019-12-22T18:06:43+00:00","dateModified":"2026-01-16T07:34:32+00:00","description":"info@sikrk.hr Vr\u0161anska 14, 51500 Krk","breadcrumb":{"@id":"https:\/\/sikrk.hr\/kontakt\/#breadcrumb"},"inLanguage":"en-GB","potentialAction":[{"@type":"ReadAction","target":["https:\/\/sikrk.hr\/kontakt\/"]}]},{"@type":"BreadcrumbList","@id":"https:\/\/sikrk.hr\/kontakt\/#breadcrumb","itemListElement":[{"@type":"ListItem","position":1,"name":"Home","item":"https:\/\/sikrk.hr\/"},{"@type":"ListItem","position":2,"name":"KONTAKT"}]},{"@type":"WebSite","@id":"https:\/\/sikrk.hr\/#website","url":"https:\/\/sikrk.hr\/","name":"SMART ISLAND KRK","description":"","publisher":{"@id":"https:\/\/sikrk.hr\/#organization"},"potentialAction":[{"@type":"SearchAction","target":{"@type":"EntryPoint","urlTemplate":"https:\/\/sikrk.hr\/?s={search_term_string}"},"query-input":{"@type":"PropertyValueSpecification","valueRequired":true,"valueName":"search_term_string"}}],"inLanguage":"en-GB"},{"@type":"Organization","@id":"https:\/\/sikrk.hr\/#organization","name":"Smart island Krk","url":"https:\/\/sikrk.hr\/","logo":{"@type":"ImageObject","inLanguage":"en-GB","@id":"https:\/\/sikrk.hr\/#\/schema\/logo\/image\/","url":"http:\/\/sikrk.hr\/wp-content\/uploads\/2019\/12\/logo_sik.png","contentUrl":"http:\/\/sikrk.hr\/wp-content\/uploads\/2019\/12\/logo_sik.png","width":598,"height":260,"caption":"Smart island Krk"},"image":{"@id":"https:\/\/sikrk.hr\/#\/schema\/logo\/image\/"}}]}},"_links":{"self":[{"href":"https:\/\/sikrk.hr\/en\/wp-json\/wp\/v2\/pages\/15","targetHints":{"allow":["GET"]}}],"collection":[{"href":"https:\/\/sikrk.hr\/en\/wp-json\/wp\/v2\/pages"}],"about":[{"href":"https:\/\/sikrk.hr\/en\/wp-json\/wp\/v2\/types\/page"}],"author":[{"embeddable":true,"href":"https:\/\/sikrk.hr\/en\/wp-json\/wp\/v2\/users\/1"}],"replies":[{"embeddable":true,"href":"https:\/\/sikrk.hr\/en\/wp-json\/wp\/v2\/comments?post=15"}],"version-history":[{"count":62,"href":"https:\/\/sikrk.hr\/en\/wp-json\/wp\/v2\/pages\/15\/revisions"}],"predecessor-version":[{"id":1442,"href":"https:\/\/sikrk.hr\/en\/wp-json\/wp\/v2\/pages\/15\/revisions\/1442"}],"wp:attachment":[{"href":"https:\/\/sikrk.hr\/en\/wp-json\/wp\/v2\/media?parent=15"}],"curies":[{"name":"wp","href":"https:\/\/api.w.org\/{rel}","templated":true}]}}