{"id":14,"date":"2019-12-22T18:06:43","date_gmt":"2019-12-22T18:06:43","guid":{"rendered":"http:\/\/sikrk.hr\/?page_id=14"},"modified":"2022-02-09T15:14:24","modified_gmt":"2022-02-09T14:14:24","slug":"o-nama","status":"publish","type":"page","link":"https:\/\/sikrk.hr\/en\/o-nama\/","title":{"rendered":"ABOUT US"},"content":{"rendered":"<div data-elementor-type=\"wp-page\" data-elementor-id=\"14\" class=\"elementor elementor-14\">\n\t\t\t\t\t\t<section class=\"elementor-section elementor-top-section elementor-element elementor-element-0a5e7f6 elementor-section-stretched elementor-section-boxed elementor-section-height-default elementor-section-height-default\" data-id=\"0a5e7f6\" data-element_type=\"section\" data-e-type=\"section\" data-settings=\"{&quot;stretch_section&quot;:&quot;section-stretched&quot;}\">\n\t\t\t\t\t\t<div class=\"elementor-container elementor-column-gap-default\">\n\t\t\t\t\t<div class=\"elementor-column elementor-col-100 elementor-top-column elementor-element elementor-element-19ae172\" data-id=\"19ae172\" data-element_type=\"column\" data-e-type=\"column\">\n\t\t\t<div class=\"elementor-widget-wrap elementor-element-populated\">\n\t\t\t\t\t\t<div class=\"elementor-element elementor-element-a506835 elementor-invisible elementor-widget elementor-widget-text-editor\" data-id=\"a506835\" data-element_type=\"widget\" data-e-type=\"widget\" data-settings=\"{&quot;_animation&quot;:&quot;fadeIn&quot;}\" data-widget_type=\"text-editor.default\">\n\t\t\t\t<div class=\"elementor-widget-container\">\n\t\t\t\t\t\t\t\t\t<h4><span style=\"font-weight: 400;\">Trgova\u010dko dru\u0161tvo Smart island Krk d.o.o. u vlasni\u0161tvu je jedinica lokalne samouprave otoka Krka (Grad Krk i Op\u0107ine Ba\u0161ka, Dobrinj, Malinska \u2013 Duba\u0161nica, Omi\u0161alj, Punat i Vrbnik). Sjedi\u0161te dru\u0161tva nalazi se u Krku. <br \/>Zajedni\u010dkim snagama gradimo novu telekomunikacijsku infrastrukturu na podru\u010dju otoka Krka. <\/span><span style=\"font-weight: 400;\"><br \/><\/span><span style=\"font-weight: 400;\">The new infrastructure consist of the \u201emain network\u201c that is laid underground in the DTK, and of the \u201econnection\u201c  that are forming an acess network.<\/span><\/h4><h4><span style=\"font-weight: 400;\">Our main goal is to provide a better life standard and develop a smart community that will help with the realisation of island of the future \u2013 smart island Krk.<\/span><\/h4>\t\t\t\t\t\t\t\t<\/div>\n\t\t\t\t<\/div>\n\t\t\t\t\t<\/div>\n\t\t<\/div>\n\t\t\t\t\t<\/div>\n\t\t<\/section>\n\t\t\t\t<\/div>","protected":false},"excerpt":{"rendered":"<p>Trgova\u010dko dru\u0161tvo Smart island Krk d.o.o. u vlasni\u0161tvu je jedinica lokalne samouprave otoka Krka (Grad Krk i Op\u0107ine Ba\u0161ka, Dobrinj, Malinska \u2013 Duba\u0161nica, Omi\u0161alj, Punat i Vrbnik). Sjedi\u0161te dru\u0161tva nalazi se u Krku. Zajedni\u010dkim snagama gradimo novu telekomunikacijsku infrastrukturu na podru\u010dju otoka Krka. Nova telekomunikacijska infrastruktura sastoji se od \u201eglavne mre\u017ee\u201c koja je razvedena podzemno&hellip; <br \/> <a class=\"read-more\" href=\"https:\/\/sikrk.hr\/en\/o-nama\/\">Read more<\/a><\/p>","protected":false},"author":1,"featured_media":0,"parent":0,"menu_order":0,"comment_status":"closed","ping_status":"closed","template":"","meta":{"footnotes":""},"class_list":["post-14","page","type-page","status-publish","hentry"],"yoast_head":"<!-- This site is optimized with the Yoast SEO plugin v27.3 - https:\/\/yoast.com\/product\/yoast-seo-wordpress\/ -->\n<title>O NAMA - SMART ISLAND KRK<\/title>\n<meta name=\"robots\" content=\"index, follow, max-snippet:-1, max-image-preview:large, max-video-preview:-1\" \/>\n<link rel=\"canonical\" href=\"https:\/\/sikrk.hr\/en\/o-nama\/\" \/>\n<meta property=\"og:locale\" content=\"en_GB\" \/>\n<meta property=\"og:type\" content=\"article\" \/>\n<meta property=\"og:title\" content=\"O NAMA - SMART ISLAND KRK\" \/>\n<meta property=\"og:description\" content=\"Trgova\u010dko dru\u0161tvo Smart island Krk d.o.o. u vlasni\u0161tvu je jedinica lokalne samouprave otoka Krka (Grad Krk i Op\u0107ine Ba\u0161ka, Dobrinj, Malinska \u2013 Duba\u0161nica, Omi\u0161alj, Punat i Vrbnik). Sjedi\u0161te dru\u0161tva nalazi se u Krku. Zajedni\u010dkim snagama gradimo novu telekomunikacijsku infrastrukturu na podru\u010dju otoka Krka. Nova telekomunikacijska infrastruktura sastoji se od \u201eglavne mre\u017ee\u201c koja je razvedena podzemno&hellip; Read more\" \/>\n<meta property=\"og:url\" content=\"https:\/\/sikrk.hr\/en\/o-nama\/\" \/>\n<meta property=\"og:site_name\" content=\"SMART ISLAND KRK\" \/>\n<meta property=\"article:modified_time\" content=\"2022-02-09T14:14:24+00:00\" \/>\n<meta name=\"twitter:card\" content=\"summary_large_image\" \/>\n<meta name=\"twitter:label1\" content=\"Estimated reading time\" \/>\n\t<meta name=\"twitter:data1\" content=\"1 minute\" \/>\n<script type=\"application\/ld+json\" class=\"yoast-schema-graph\">{\"@context\":\"https:\\\/\\\/schema.org\",\"@graph\":[{\"@type\":\"WebPage\",\"@id\":\"https:\\\/\\\/sikrk.hr\\\/o-nama\\\/\",\"url\":\"https:\\\/\\\/sikrk.hr\\\/o-nama\\\/\",\"name\":\"O NAMA - SMART ISLAND KRK\",\"isPartOf\":{\"@id\":\"https:\\\/\\\/sikrk.hr\\\/#website\"},\"datePublished\":\"2019-12-22T18:06:43+00:00\",\"dateModified\":\"2022-02-09T14:14:24+00:00\",\"breadcrumb\":{\"@id\":\"https:\\\/\\\/sikrk.hr\\\/o-nama\\\/#breadcrumb\"},\"inLanguage\":\"en-GB\",\"potentialAction\":[{\"@type\":\"ReadAction\",\"target\":[\"https:\\\/\\\/sikrk.hr\\\/o-nama\\\/\"]}]},{\"@type\":\"BreadcrumbList\",\"@id\":\"https:\\\/\\\/sikrk.hr\\\/o-nama\\\/#breadcrumb\",\"itemListElement\":[{\"@type\":\"ListItem\",\"position\":1,\"name\":\"Home\",\"item\":\"https:\\\/\\\/sikrk.hr\\\/\"},{\"@type\":\"ListItem\",\"position\":2,\"name\":\"O NAMA\"}]},{\"@type\":\"WebSite\",\"@id\":\"https:\\\/\\\/sikrk.hr\\\/#website\",\"url\":\"https:\\\/\\\/sikrk.hr\\\/\",\"name\":\"SMART ISLAND KRK\",\"description\":\"\",\"publisher\":{\"@id\":\"https:\\\/\\\/sikrk.hr\\\/#organization\"},\"potentialAction\":[{\"@type\":\"SearchAction\",\"target\":{\"@type\":\"EntryPoint\",\"urlTemplate\":\"https:\\\/\\\/sikrk.hr\\\/?s={search_term_string}\"},\"query-input\":{\"@type\":\"PropertyValueSpecification\",\"valueRequired\":true,\"valueName\":\"search_term_string\"}}],\"inLanguage\":\"en-GB\"},{\"@type\":\"Organization\",\"@id\":\"https:\\\/\\\/sikrk.hr\\\/#organization\",\"name\":\"Smart island Krk\",\"url\":\"https:\\\/\\\/sikrk.hr\\\/\",\"logo\":{\"@type\":\"ImageObject\",\"inLanguage\":\"en-GB\",\"@id\":\"https:\\\/\\\/sikrk.hr\\\/#\\\/schema\\\/logo\\\/image\\\/\",\"url\":\"http:\\\/\\\/sikrk.hr\\\/wp-content\\\/uploads\\\/2019\\\/12\\\/logo_sik.png\",\"contentUrl\":\"http:\\\/\\\/sikrk.hr\\\/wp-content\\\/uploads\\\/2019\\\/12\\\/logo_sik.png\",\"width\":598,\"height\":260,\"caption\":\"Smart island Krk\"},\"image\":{\"@id\":\"https:\\\/\\\/sikrk.hr\\\/#\\\/schema\\\/logo\\\/image\\\/\"}}]}<\/script>\n<!-- \/ Yoast SEO plugin. -->","yoast_head_json":{"title":"O NAMA - SMART ISLAND KRK","robots":{"index":"index","follow":"follow","max-snippet":"max-snippet:-1","max-image-preview":"max-image-preview:large","max-video-preview":"max-video-preview:-1"},"canonical":"https:\/\/sikrk.hr\/en\/o-nama\/","og_locale":"en_GB","og_type":"article","og_title":"O NAMA - SMART ISLAND KRK","og_description":"Trgova\u010dko dru\u0161tvo Smart island Krk d.o.o. u vlasni\u0161tvu je jedinica lokalne samouprave otoka Krka (Grad Krk i Op\u0107ine Ba\u0161ka, Dobrinj, Malinska \u2013 Duba\u0161nica, Omi\u0161alj, Punat i Vrbnik). Sjedi\u0161te dru\u0161tva nalazi se u Krku. Zajedni\u010dkim snagama gradimo novu telekomunikacijsku infrastrukturu na podru\u010dju otoka Krka. Nova telekomunikacijska infrastruktura sastoji se od \u201eglavne mre\u017ee\u201c koja je razvedena podzemno&hellip; Read more","og_url":"https:\/\/sikrk.hr\/en\/o-nama\/","og_site_name":"SMART ISLAND KRK","article_modified_time":"2022-02-09T14:14:24+00:00","twitter_card":"summary_large_image","twitter_misc":{"Estimated reading time":"1 minute"},"schema":{"@context":"https:\/\/schema.org","@graph":[{"@type":"WebPage","@id":"https:\/\/sikrk.hr\/o-nama\/","url":"https:\/\/sikrk.hr\/o-nama\/","name":"O NAMA - SMART ISLAND KRK","isPartOf":{"@id":"https:\/\/sikrk.hr\/#website"},"datePublished":"2019-12-22T18:06:43+00:00","dateModified":"2022-02-09T14:14:24+00:00","breadcrumb":{"@id":"https:\/\/sikrk.hr\/o-nama\/#breadcrumb"},"inLanguage":"en-GB","potentialAction":[{"@type":"ReadAction","target":["https:\/\/sikrk.hr\/o-nama\/"]}]},{"@type":"BreadcrumbList","@id":"https:\/\/sikrk.hr\/o-nama\/#breadcrumb","itemListElement":[{"@type":"ListItem","position":1,"name":"Home","item":"https:\/\/sikrk.hr\/"},{"@type":"ListItem","position":2,"name":"O NAMA"}]},{"@type":"WebSite","@id":"https:\/\/sikrk.hr\/#website","url":"https:\/\/sikrk.hr\/","name":"SMART ISLAND KRK","description":"","publisher":{"@id":"https:\/\/sikrk.hr\/#organization"},"potentialAction":[{"@type":"SearchAction","target":{"@type":"EntryPoint","urlTemplate":"https:\/\/sikrk.hr\/?s={search_term_string}"},"query-input":{"@type":"PropertyValueSpecification","valueRequired":true,"valueName":"search_term_string"}}],"inLanguage":"en-GB"},{"@type":"Organization","@id":"https:\/\/sikrk.hr\/#organization","name":"Smart island Krk","url":"https:\/\/sikrk.hr\/","logo":{"@type":"ImageObject","inLanguage":"en-GB","@id":"https:\/\/sikrk.hr\/#\/schema\/logo\/image\/","url":"http:\/\/sikrk.hr\/wp-content\/uploads\/2019\/12\/logo_sik.png","contentUrl":"http:\/\/sikrk.hr\/wp-content\/uploads\/2019\/12\/logo_sik.png","width":598,"height":260,"caption":"Smart island Krk"},"image":{"@id":"https:\/\/sikrk.hr\/#\/schema\/logo\/image\/"}}]}},"_links":{"self":[{"href":"https:\/\/sikrk.hr\/en\/wp-json\/wp\/v2\/pages\/14","targetHints":{"allow":["GET"]}}],"collection":[{"href":"https:\/\/sikrk.hr\/en\/wp-json\/wp\/v2\/pages"}],"about":[{"href":"https:\/\/sikrk.hr\/en\/wp-json\/wp\/v2\/types\/page"}],"author":[{"embeddable":true,"href":"https:\/\/sikrk.hr\/en\/wp-json\/wp\/v2\/users\/1"}],"replies":[{"embeddable":true,"href":"https:\/\/sikrk.hr\/en\/wp-json\/wp\/v2\/comments?post=14"}],"version-history":[{"count":17,"href":"https:\/\/sikrk.hr\/en\/wp-json\/wp\/v2\/pages\/14\/revisions"}],"predecessor-version":[{"id":529,"href":"https:\/\/sikrk.hr\/en\/wp-json\/wp\/v2\/pages\/14\/revisions\/529"}],"wp:attachment":[{"href":"https:\/\/sikrk.hr\/en\/wp-json\/wp\/v2\/media?parent=14"}],"curies":[{"name":"wp","href":"https:\/\/api.w.org\/{rel}","templated":true}]}}