{"id":1242,"date":"2024-11-26T10:51:24","date_gmt":"2024-11-26T09:51:24","guid":{"rendered":"https:\/\/sikrk.hr\/?page_id=1242"},"modified":"2025-06-09T08:13:37","modified_gmt":"2025-06-09T06:13:37","slug":"operatori","status":"publish","type":"page","link":"https:\/\/sikrk.hr\/en\/operatori\/","title":{"rendered":"OPERATORI"},"content":{"rendered":"<div data-elementor-type=\"wp-page\" data-elementor-id=\"1242\" class=\"elementor elementor-1242\">\n\t\t\t\t\t\t<section class=\"elementor-section elementor-top-section elementor-element elementor-element-ef62d86 elementor-section-boxed elementor-section-height-default elementor-section-height-default\" data-id=\"ef62d86\" data-element_type=\"section\" data-e-type=\"section\">\n\t\t\t\t\t\t<div class=\"elementor-container elementor-column-gap-default\">\n\t\t\t\t\t<div class=\"elementor-column elementor-col-100 elementor-top-column elementor-element elementor-element-c37d110\" data-id=\"c37d110\" data-element_type=\"column\" data-e-type=\"column\">\n\t\t\t<div class=\"elementor-widget-wrap elementor-element-populated\">\n\t\t\t\t\t\t<div class=\"elementor-element elementor-element-5ead28b elementor-widget elementor-widget-text-editor\" data-id=\"5ead28b\" data-element_type=\"widget\" data-e-type=\"widget\" data-widget_type=\"text-editor.default\">\n\t\t\t\t<div class=\"elementor-widget-container\">\n\t\t\t\t\t\t\t\t\t<p class=\"MsoNormal\" style=\"line-height: 150%;\"><span style=\"color: #000000;\"><b style=\"font-family: var( --e-global-typography-text-font-family ), Sans-serif;\"><span style=\"font-size: 14.0pt; line-height: 150%;\">Smart island Krk<\/span><\/b><span style=\"font-family: var( --e-global-typography-text-font-family ), Sans-serif; font-weight: var( --e-global-typography-text-font-weight ); font-size: 14pt; line-height: 150%;\"> pru\u017ea krajnjim korisnicima mogu\u0107nost neovisnog odabira operatora \/ pru\u017eatelja usluga koji je cijenom i kvalitetom, a sukladno \u017eeljama i potrebama krajnjeg korisnika, za njega najpovoljniji.\u00a0<\/span><\/span><\/p><p class=\"MsoNormal\" style=\"line-height: 150%;\"><span style=\"font-size: 14pt; line-height: 150%; color: #000000;\">Trenutno na svjetlovodnoj opti\u010dkoj mre\u017ei Smart island Krka mo\u017eete odabrati sljede\u0107e operatore \/ pru\u017eatelje usluga:<\/span><\/p><ul style=\"margin-top: 0cm;\" type=\"disc\"><li class=\"MsoNormal\" style=\"line-height: 150%; mso-list: l0 level1 lfo1; tab-stops: list 36.0pt;\"><span style=\"font-size: 14pt; line-height: 150%; color: #000000;\">A1 Hrvatska d.o.o.<\/span><\/li><li class=\"MsoNormal\" style=\"line-height: 150%; mso-list: l0 level1 lfo1; tab-stops: list 36.0pt;\"><span style=\"font-size: 14pt; line-height: 150%; color: #000000;\">Absolute d.o.o.<\/span><\/li><li class=\"MsoNormal\" style=\"line-height: 150%; mso-list: l0 level1 lfo1; tab-stops: list 36.0pt;\"><span style=\"font-size: 14pt; line-height: 150%; color: #000000;\">Adria Fiber d.o.o.<\/span><\/li><li class=\"MsoNormal\" style=\"line-height: 150%; mso-list: l0 level1 lfo1; tab-stops: list 36.0pt;\"><span style=\"font-size: 14pt; line-height: 150%; color: #000000;\">Fenice Telekom Grupa d.o.o.<\/span><\/li><li class=\"MsoNormal\" style=\"line-height: 150%; mso-list: l0 level1 lfo1; tab-stops: list 36.0pt;\"><span style=\"font-size: 14pt; line-height: 150%; color: #000000;\">Hrvatski Telekom d.d.<\/span><\/li><li class=\"MsoNormal\" style=\"line-height: 150%; mso-list: l0 level1 lfo1; tab-stops: list 36.0pt;\"><span style=\"font-size: 14pt; line-height: 150%; color: #000000;\">Isola Networks d.o.o.<\/span><\/li><li class=\"MsoNormal\" style=\"line-height: 150%; mso-list: l0 level1 lfo1; tab-stops: list 36.0pt;\"><span style=\"font-size: 14pt; line-height: 150%; color: #000000;\">Omonia d.o.o.<\/span><\/li><li class=\"MsoNormal\" style=\"line-height: 150%; mso-list: l0 level1 lfo1; tab-stops: list 36.0pt;\"><span style=\"font-size: 14pt; line-height: 150%; color: #000000;\">Tehnoline Telekom d.o.o.<\/span><\/li><li><span style=\"font-size: 14pt; line-height: 150%; color: #000000;\">Telemach Hrvatska d.o.o.<\/span><\/li><\/ul>\t\t\t\t\t\t\t\t<\/div>\n\t\t\t\t<\/div>\n\t\t\t\t\t<\/div>\n\t\t<\/div>\n\t\t\t\t\t<\/div>\n\t\t<\/section>\n\t\t\t\t<\/div>","protected":false},"excerpt":{"rendered":"<p>Smart island Krk pru\u017ea krajnjim korisnicima mogu\u0107nost neovisnog odabira operatora \/ pru\u017eatelja usluga koji je cijenom i kvalitetom, a sukladno \u017eeljama i potrebama krajnjeg korisnika, za njega najpovoljniji.\u00a0 Trenutno na svjetlovodnoj opti\u010dkoj mre\u017ei Smart island Krka mo\u017eete odabrati sljede\u0107e operatore \/ pru\u017eatelje usluga: A1 Hrvatska d.o.o. Absolute d.o.o. Adria Fiber d.o.o. Fenice Telekom Grupa d.o.o.&hellip; <br \/> <a class=\"read-more\" href=\"https:\/\/sikrk.hr\/en\/operatori\/\">Read more<\/a><\/p>","protected":false},"author":1,"featured_media":0,"parent":0,"menu_order":0,"comment_status":"closed","ping_status":"closed","template":"","meta":{"footnotes":""},"class_list":["post-1242","page","type-page","status-publish","hentry"],"yoast_head":"<!-- This site is optimized with the Yoast SEO plugin v27.3 - https:\/\/yoast.com\/product\/yoast-seo-wordpress\/ -->\n<title>OPERATORI - SMART ISLAND KRK<\/title>\n<meta name=\"robots\" content=\"index, follow, max-snippet:-1, max-image-preview:large, max-video-preview:-1\" \/>\n<link rel=\"canonical\" href=\"https:\/\/sikrk.hr\/en\/operatori\/\" \/>\n<meta property=\"og:locale\" content=\"en_GB\" \/>\n<meta property=\"og:type\" content=\"article\" \/>\n<meta property=\"og:title\" content=\"OPERATORI - SMART ISLAND KRK\" \/>\n<meta property=\"og:description\" content=\"Smart island Krk pru\u017ea krajnjim korisnicima mogu\u0107nost neovisnog odabira operatora \/ pru\u017eatelja usluga koji je cijenom i kvalitetom, a sukladno \u017eeljama i potrebama krajnjeg korisnika, za njega najpovoljniji.\u00a0 Trenutno na svjetlovodnoj opti\u010dkoj mre\u017ei Smart island Krka mo\u017eete odabrati sljede\u0107e operatore \/ pru\u017eatelje usluga: A1 Hrvatska d.o.o. Absolute d.o.o. Adria Fiber d.o.o. Fenice Telekom Grupa d.o.o.&hellip; Read more\" \/>\n<meta property=\"og:url\" content=\"https:\/\/sikrk.hr\/en\/operatori\/\" \/>\n<meta property=\"og:site_name\" content=\"SMART ISLAND KRK\" \/>\n<meta property=\"article:modified_time\" content=\"2025-06-09T06:13:37+00:00\" \/>\n<meta name=\"twitter:card\" content=\"summary_large_image\" \/>\n<meta name=\"twitter:label1\" content=\"Estimated reading time\" \/>\n\t<meta name=\"twitter:data1\" content=\"1 minute\" \/>\n<script type=\"application\/ld+json\" class=\"yoast-schema-graph\">{\"@context\":\"https:\\\/\\\/schema.org\",\"@graph\":[{\"@type\":\"WebPage\",\"@id\":\"https:\\\/\\\/sikrk.hr\\\/operatori\\\/\",\"url\":\"https:\\\/\\\/sikrk.hr\\\/operatori\\\/\",\"name\":\"OPERATORI - SMART ISLAND KRK\",\"isPartOf\":{\"@id\":\"https:\\\/\\\/sikrk.hr\\\/#website\"},\"datePublished\":\"2024-11-26T09:51:24+00:00\",\"dateModified\":\"2025-06-09T06:13:37+00:00\",\"breadcrumb\":{\"@id\":\"https:\\\/\\\/sikrk.hr\\\/operatori\\\/#breadcrumb\"},\"inLanguage\":\"en-GB\",\"potentialAction\":[{\"@type\":\"ReadAction\",\"target\":[\"https:\\\/\\\/sikrk.hr\\\/operatori\\\/\"]}]},{\"@type\":\"BreadcrumbList\",\"@id\":\"https:\\\/\\\/sikrk.hr\\\/operatori\\\/#breadcrumb\",\"itemListElement\":[{\"@type\":\"ListItem\",\"position\":1,\"name\":\"Home\",\"item\":\"https:\\\/\\\/sikrk.hr\\\/\"},{\"@type\":\"ListItem\",\"position\":2,\"name\":\"OPERATORI\"}]},{\"@type\":\"WebSite\",\"@id\":\"https:\\\/\\\/sikrk.hr\\\/#website\",\"url\":\"https:\\\/\\\/sikrk.hr\\\/\",\"name\":\"SMART ISLAND KRK\",\"description\":\"\",\"publisher\":{\"@id\":\"https:\\\/\\\/sikrk.hr\\\/#organization\"},\"potentialAction\":[{\"@type\":\"SearchAction\",\"target\":{\"@type\":\"EntryPoint\",\"urlTemplate\":\"https:\\\/\\\/sikrk.hr\\\/?s={search_term_string}\"},\"query-input\":{\"@type\":\"PropertyValueSpecification\",\"valueRequired\":true,\"valueName\":\"search_term_string\"}}],\"inLanguage\":\"en-GB\"},{\"@type\":\"Organization\",\"@id\":\"https:\\\/\\\/sikrk.hr\\\/#organization\",\"name\":\"Smart island Krk\",\"url\":\"https:\\\/\\\/sikrk.hr\\\/\",\"logo\":{\"@type\":\"ImageObject\",\"inLanguage\":\"en-GB\",\"@id\":\"https:\\\/\\\/sikrk.hr\\\/#\\\/schema\\\/logo\\\/image\\\/\",\"url\":\"http:\\\/\\\/sikrk.hr\\\/wp-content\\\/uploads\\\/2019\\\/12\\\/logo_sik.png\",\"contentUrl\":\"http:\\\/\\\/sikrk.hr\\\/wp-content\\\/uploads\\\/2019\\\/12\\\/logo_sik.png\",\"width\":598,\"height\":260,\"caption\":\"Smart island Krk\"},\"image\":{\"@id\":\"https:\\\/\\\/sikrk.hr\\\/#\\\/schema\\\/logo\\\/image\\\/\"}}]}<\/script>\n<!-- \/ Yoast SEO plugin. -->","yoast_head_json":{"title":"OPERATORI - SMART ISLAND KRK","robots":{"index":"index","follow":"follow","max-snippet":"max-snippet:-1","max-image-preview":"max-image-preview:large","max-video-preview":"max-video-preview:-1"},"canonical":"https:\/\/sikrk.hr\/en\/operatori\/","og_locale":"en_GB","og_type":"article","og_title":"OPERATORI - SMART ISLAND KRK","og_description":"Smart island Krk pru\u017ea krajnjim korisnicima mogu\u0107nost neovisnog odabira operatora \/ pru\u017eatelja usluga koji je cijenom i kvalitetom, a sukladno \u017eeljama i potrebama krajnjeg korisnika, za njega najpovoljniji.\u00a0 Trenutno na svjetlovodnoj opti\u010dkoj mre\u017ei Smart island Krka mo\u017eete odabrati sljede\u0107e operatore \/ pru\u017eatelje usluga: A1 Hrvatska d.o.o. Absolute d.o.o. Adria Fiber d.o.o. Fenice Telekom Grupa d.o.o.&hellip; Read more","og_url":"https:\/\/sikrk.hr\/en\/operatori\/","og_site_name":"SMART ISLAND KRK","article_modified_time":"2025-06-09T06:13:37+00:00","twitter_card":"summary_large_image","twitter_misc":{"Estimated reading time":"1 minute"},"schema":{"@context":"https:\/\/schema.org","@graph":[{"@type":"WebPage","@id":"https:\/\/sikrk.hr\/operatori\/","url":"https:\/\/sikrk.hr\/operatori\/","name":"OPERATORI - SMART ISLAND KRK","isPartOf":{"@id":"https:\/\/sikrk.hr\/#website"},"datePublished":"2024-11-26T09:51:24+00:00","dateModified":"2025-06-09T06:13:37+00:00","breadcrumb":{"@id":"https:\/\/sikrk.hr\/operatori\/#breadcrumb"},"inLanguage":"en-GB","potentialAction":[{"@type":"ReadAction","target":["https:\/\/sikrk.hr\/operatori\/"]}]},{"@type":"BreadcrumbList","@id":"https:\/\/sikrk.hr\/operatori\/#breadcrumb","itemListElement":[{"@type":"ListItem","position":1,"name":"Home","item":"https:\/\/sikrk.hr\/"},{"@type":"ListItem","position":2,"name":"OPERATORI"}]},{"@type":"WebSite","@id":"https:\/\/sikrk.hr\/#website","url":"https:\/\/sikrk.hr\/","name":"SMART ISLAND KRK","description":"","publisher":{"@id":"https:\/\/sikrk.hr\/#organization"},"potentialAction":[{"@type":"SearchAction","target":{"@type":"EntryPoint","urlTemplate":"https:\/\/sikrk.hr\/?s={search_term_string}"},"query-input":{"@type":"PropertyValueSpecification","valueRequired":true,"valueName":"search_term_string"}}],"inLanguage":"en-GB"},{"@type":"Organization","@id":"https:\/\/sikrk.hr\/#organization","name":"Smart island Krk","url":"https:\/\/sikrk.hr\/","logo":{"@type":"ImageObject","inLanguage":"en-GB","@id":"https:\/\/sikrk.hr\/#\/schema\/logo\/image\/","url":"http:\/\/sikrk.hr\/wp-content\/uploads\/2019\/12\/logo_sik.png","contentUrl":"http:\/\/sikrk.hr\/wp-content\/uploads\/2019\/12\/logo_sik.png","width":598,"height":260,"caption":"Smart island Krk"},"image":{"@id":"https:\/\/sikrk.hr\/#\/schema\/logo\/image\/"}}]}},"_links":{"self":[{"href":"https:\/\/sikrk.hr\/en\/wp-json\/wp\/v2\/pages\/1242","targetHints":{"allow":["GET"]}}],"collection":[{"href":"https:\/\/sikrk.hr\/en\/wp-json\/wp\/v2\/pages"}],"about":[{"href":"https:\/\/sikrk.hr\/en\/wp-json\/wp\/v2\/types\/page"}],"author":[{"embeddable":true,"href":"https:\/\/sikrk.hr\/en\/wp-json\/wp\/v2\/users\/1"}],"replies":[{"embeddable":true,"href":"https:\/\/sikrk.hr\/en\/wp-json\/wp\/v2\/comments?post=1242"}],"version-history":[{"count":46,"href":"https:\/\/sikrk.hr\/en\/wp-json\/wp\/v2\/pages\/1242\/revisions"}],"predecessor-version":[{"id":1361,"href":"https:\/\/sikrk.hr\/en\/wp-json\/wp\/v2\/pages\/1242\/revisions\/1361"}],"wp:attachment":[{"href":"https:\/\/sikrk.hr\/en\/wp-json\/wp\/v2\/media?parent=1242"}],"curies":[{"name":"wp","href":"https:\/\/api.w.org\/{rel}","templated":true}]}}